{"id":1037,"date":"2026-03-20T08:00:10","date_gmt":"2026-03-20T06:00:10","guid":{"rendered":"https:\/\/sailandprotect.com\/blog\/"},"modified":"2026-04-14T09:25:02","modified_gmt":"2026-04-14T07:25:02","slug":"blog","status":"publish","type":"page","link":"https:\/\/sailandprotect.com\/de\/blog\/","title":{"rendered":"Blog"},"content":{"rendered":"<\/div><\/div><\/div><!-- close content main div --><\/div><\/div>\n<style type=\"text\/css\" data-created_by=\"avia_inline_auto\" id=\"style-css-av-j6pzb-108946503111e6a5a4ad62aa7ff8242e\">\n.avia-section.av-j6pzb-108946503111e6a5a4ad62aa7ff8242e{\nbackground-repeat:no-repeat;\nbackground-image:url(https:\/\/sailandprotect.com\/wp-content\/uploads\/2026\/03\/bg-header1.jpg);\nbackground-position:0% 0%;\nbackground-attachment:scroll;\n}\n<\/style>\n<div id='av_section_1'  class='avia-section av-j6pzb-108946503111e6a5a4ad62aa7ff8242e main_color avia-section-default avia-no-border-styling avia-bg-style-scroll container_wrap fullsize'  data-section-bg-repeat='no-repeat'><div class='container av-section-cont-open' ><div class='template-page content  av-content-full alpha units'><div class='post-entry post-entry-type-page post-entry-1037'><div class='entry-content-wrapper clearfix'>\n<div  class='flex_column av-exskv-744dbf5720e1e7ea443c3da0c8980646 av_one_half first flex_column_div  '     ><style type=\"text\/css\" data-created_by=\"avia_inline_auto\" id=\"style-css-av-mmyvst1w-57891175844836a78341688cc29edee3\">\n#top .av-special-heading.av-mmyvst1w-57891175844836a78341688cc29edee3{\npadding-bottom:10px;\ncolor:#ffffff;\n}\nbody .av-special-heading.av-mmyvst1w-57891175844836a78341688cc29edee3 .av-special-heading-tag .heading-char{\nfont-size:25px;\n}\n.av-special-heading.av-mmyvst1w-57891175844836a78341688cc29edee3 .special-heading-inner-border{\nborder-color:#ffffff;\n}\n.av-special-heading.av-mmyvst1w-57891175844836a78341688cc29edee3 .av-subheading{\nfont-size:15px;\n}\n<\/style>\n<div  class='av-special-heading av-mmyvst1w-57891175844836a78341688cc29edee3 av-special-heading-h1 custom-color-heading blockquote modern-quote'><h1 class='av-special-heading-tag '  itemprop=\"headline\"  >Blog \u00fcber Mallorca und das Meer<\/h1><div class='av_custom_color av-subheading av-subheading_below'><p>Tipps, Erfahrungen und Anleitungen<\/p>\n<\/div><div class=\"special-heading-border\"><div class=\"special-heading-inner-border\"><\/div><\/div><\/div><\/div><div  class='flex_column av-a9mkf-02f0387fa60d68d29dffa8caf49ce58e av_one_half flex_column_div  '     ><\/div>\n\n\n","protected":false},"excerpt":{"rendered":"","protected":false},"author":1,"featured_media":0,"parent":0,"menu_order":0,"comment_status":"closed","ping_status":"closed","template":"","meta":{"footnotes":""},"class_list":["post-1037","page","type-page","status-publish","hentry"],"yoast_head":"<!-- This site is optimized with the Yoast SEO plugin v27.4 - https:\/\/yoast.com\/product\/yoast-seo-wordpress\/ -->\n<title>Blog \u00fcber Mallorca und Bootsverleih | Segeln und sch\u00fctzen<\/title>\n<meta name=\"description\" content=\"Entdecken Sie unseren Blog \u00fcber Mallorca, das Meer und Bootsverleih. Tipps, F\u00fchrer und Erlebnisse, um das Mittelmeer zu genie\u00dfen.\" \/>\n<meta name=\"robots\" content=\"index, follow, max-snippet:-1, max-image-preview:large, max-video-preview:-1\" \/>\n<link rel=\"canonical\" href=\"https:\/\/sailandprotect.com\/de\/blog\/\" \/>\n<meta property=\"og:locale\" content=\"de_DE\" \/>\n<meta property=\"og:type\" content=\"article\" \/>\n<meta property=\"og:title\" content=\"Blog \u00fcber Mallorca und Bootsverleih | Segeln und sch\u00fctzen\" \/>\n<meta property=\"og:description\" content=\"Entdecken Sie unseren Blog \u00fcber Mallorca, das Meer und Bootsverleih. Tipps, F\u00fchrer und Erlebnisse, um das Mittelmeer zu genie\u00dfen.\" \/>\n<meta property=\"og:url\" content=\"https:\/\/sailandprotect.com\/de\/blog\/\" \/>\n<meta property=\"og:site_name\" content=\"Barcos\" \/>\n<meta property=\"article:modified_time\" content=\"2026-04-14T07:25:02+00:00\" \/>\n<meta name=\"twitter:card\" content=\"summary_large_image\" \/>\n<meta name=\"twitter:label1\" content=\"Gesch\u00e4tzte Lesezeit\" \/>\n\t<meta name=\"twitter:data1\" content=\"8\u00a0Minuten\" \/>\n<script type=\"application\/ld+json\" class=\"yoast-schema-graph\">{\"@context\":\"https:\\\/\\\/schema.org\",\"@graph\":[{\"@type\":\"WebPage\",\"@id\":\"https:\\\/\\\/sailandprotect.com\\\/de\\\/blog\\\/\",\"url\":\"https:\\\/\\\/sailandprotect.com\\\/de\\\/blog\\\/\",\"name\":\"Blog \u00fcber Mallorca und Bootsverleih | Segeln und sch\u00fctzen\",\"isPartOf\":{\"@id\":\"https:\\\/\\\/sailandprotect.com\\\/#website\"},\"datePublished\":\"2026-03-20T06:00:10+00:00\",\"dateModified\":\"2026-04-14T07:25:02+00:00\",\"description\":\"Entdecken Sie unseren Blog \u00fcber Mallorca, das Meer und Bootsverleih. Tipps, F\u00fchrer und Erlebnisse, um das Mittelmeer zu genie\u00dfen.\",\"breadcrumb\":{\"@id\":\"https:\\\/\\\/sailandprotect.com\\\/de\\\/blog\\\/#breadcrumb\"},\"inLanguage\":\"de\",\"potentialAction\":[{\"@type\":\"ReadAction\",\"target\":[\"https:\\\/\\\/sailandprotect.com\\\/de\\\/blog\\\/\"]}]},{\"@type\":\"BreadcrumbList\",\"@id\":\"https:\\\/\\\/sailandprotect.com\\\/de\\\/blog\\\/#breadcrumb\",\"itemListElement\":[{\"@type\":\"ListItem\",\"position\":1,\"name\":\"Portada\",\"item\":\"https:\\\/\\\/sailandprotect.com\\\/inicio\\\/\"},{\"@type\":\"ListItem\",\"position\":2,\"name\":\"Blog\"}]},{\"@type\":\"WebSite\",\"@id\":\"https:\\\/\\\/sailandprotect.com\\\/#website\",\"url\":\"https:\\\/\\\/sailandprotect.com\\\/\",\"name\":\"Barcos\",\"description\":\"\",\"potentialAction\":[{\"@type\":\"SearchAction\",\"target\":{\"@type\":\"EntryPoint\",\"urlTemplate\":\"https:\\\/\\\/sailandprotect.com\\\/?s={search_term_string}\"},\"query-input\":{\"@type\":\"PropertyValueSpecification\",\"valueRequired\":true,\"valueName\":\"search_term_string\"}}],\"inLanguage\":\"de\"}]}<\/script>\n<!-- \/ Yoast SEO plugin. -->","yoast_head_json":{"title":"Blog \u00fcber Mallorca und Bootsverleih | Segeln und sch\u00fctzen","description":"Entdecken Sie unseren Blog \u00fcber Mallorca, das Meer und Bootsverleih. Tipps, F\u00fchrer und Erlebnisse, um das Mittelmeer zu genie\u00dfen.","robots":{"index":"index","follow":"follow","max-snippet":"max-snippet:-1","max-image-preview":"max-image-preview:large","max-video-preview":"max-video-preview:-1"},"canonical":"https:\/\/sailandprotect.com\/de\/blog\/","og_locale":"de_DE","og_type":"article","og_title":"Blog \u00fcber Mallorca und Bootsverleih | Segeln und sch\u00fctzen","og_description":"Entdecken Sie unseren Blog \u00fcber Mallorca, das Meer und Bootsverleih. Tipps, F\u00fchrer und Erlebnisse, um das Mittelmeer zu genie\u00dfen.","og_url":"https:\/\/sailandprotect.com\/de\/blog\/","og_site_name":"Barcos","article_modified_time":"2026-04-14T07:25:02+00:00","twitter_card":"summary_large_image","twitter_misc":{"Gesch\u00e4tzte Lesezeit":"8\u00a0Minuten"},"schema":{"@context":"https:\/\/schema.org","@graph":[{"@type":"WebPage","@id":"https:\/\/sailandprotect.com\/de\/blog\/","url":"https:\/\/sailandprotect.com\/de\/blog\/","name":"Blog \u00fcber Mallorca und Bootsverleih | Segeln und sch\u00fctzen","isPartOf":{"@id":"https:\/\/sailandprotect.com\/#website"},"datePublished":"2026-03-20T06:00:10+00:00","dateModified":"2026-04-14T07:25:02+00:00","description":"Entdecken Sie unseren Blog \u00fcber Mallorca, das Meer und Bootsverleih. Tipps, F\u00fchrer und Erlebnisse, um das Mittelmeer zu genie\u00dfen.","breadcrumb":{"@id":"https:\/\/sailandprotect.com\/de\/blog\/#breadcrumb"},"inLanguage":"de","potentialAction":[{"@type":"ReadAction","target":["https:\/\/sailandprotect.com\/de\/blog\/"]}]},{"@type":"BreadcrumbList","@id":"https:\/\/sailandprotect.com\/de\/blog\/#breadcrumb","itemListElement":[{"@type":"ListItem","position":1,"name":"Portada","item":"https:\/\/sailandprotect.com\/inicio\/"},{"@type":"ListItem","position":2,"name":"Blog"}]},{"@type":"WebSite","@id":"https:\/\/sailandprotect.com\/#website","url":"https:\/\/sailandprotect.com\/","name":"Barcos","description":"","potentialAction":[{"@type":"SearchAction","target":{"@type":"EntryPoint","urlTemplate":"https:\/\/sailandprotect.com\/?s={search_term_string}"},"query-input":{"@type":"PropertyValueSpecification","valueRequired":true,"valueName":"search_term_string"}}],"inLanguage":"de"}]}},"_links":{"self":[{"href":"https:\/\/sailandprotect.com\/de\/wp-json\/wp\/v2\/pages\/1037","targetHints":{"allow":["GET"]}}],"collection":[{"href":"https:\/\/sailandprotect.com\/de\/wp-json\/wp\/v2\/pages"}],"about":[{"href":"https:\/\/sailandprotect.com\/de\/wp-json\/wp\/v2\/types\/page"}],"author":[{"embeddable":true,"href":"https:\/\/sailandprotect.com\/de\/wp-json\/wp\/v2\/users\/1"}],"replies":[{"embeddable":true,"href":"https:\/\/sailandprotect.com\/de\/wp-json\/wp\/v2\/comments?post=1037"}],"version-history":[{"count":1,"href":"https:\/\/sailandprotect.com\/de\/wp-json\/wp\/v2\/pages\/1037\/revisions"}],"predecessor-version":[{"id":1108,"href":"https:\/\/sailandprotect.com\/de\/wp-json\/wp\/v2\/pages\/1037\/revisions\/1108"}],"wp:attachment":[{"href":"https:\/\/sailandprotect.com\/de\/wp-json\/wp\/v2\/media?parent=1037"}],"curies":[{"name":"wp","href":"https:\/\/api.w.org\/{rel}","templated":true}]}}