{"id":1041,"date":"2026-02-10T09:50:05","date_gmt":"2026-02-10T07:50:05","guid":{"rendered":"https:\/\/sailandprotect.com\/kontakt\/"},"modified":"2026-04-14T09:15:33","modified_gmt":"2026-04-14T07:15:33","slug":"kontakt","status":"publish","type":"page","link":"https:\/\/sailandprotect.com\/de\/kontakt\/","title":{"rendered":"Kontakt"},"content":{"rendered":"<\/div><\/div><\/div><!-- close content main div --><\/div><\/div>\n<style type=\"text\/css\" data-created_by=\"avia_inline_auto\" id=\"style-css-av-1g7iwi-9ea9dea52398106bff7eb4d213a9f7f8\">\n.avia-section.av-1g7iwi-9ea9dea52398106bff7eb4d213a9f7f8{\nbackground-repeat:no-repeat;\nbackground-image:url(https:\/\/sailandprotect.com\/wp-content\/uploads\/2026\/03\/bg-header1.jpg);\nbackground-position:0% 0%;\nbackground-attachment:scroll;\n}\n<\/style>\n<div id='av_section_1'  class='avia-section av-1g7iwi-9ea9dea52398106bff7eb4d213a9f7f8 main_color avia-section-default avia-no-border-styling avia-bg-style-scroll container_wrap fullsize'  data-section-bg-repeat='no-repeat'><div class='container av-section-cont-open' ><div class='template-page content  av-content-full alpha units'><div class='post-entry post-entry-type-page post-entry-1041'><div class='entry-content-wrapper clearfix'>\n<div  class='flex_column av-196fsi-212951880bbfb96796fac4df9d7a6122 av_two_fifth first flex_column_div  '     ><style type=\"text\/css\" data-created_by=\"avia_inline_auto\" id=\"style-css-av-mmytm3cs-3a9252af737ce1fe3247363522585902\">\n#top .av-special-heading.av-mmytm3cs-3a9252af737ce1fe3247363522585902{\npadding-bottom:10px;\ncolor:#ffffff;\n}\nbody .av-special-heading.av-mmytm3cs-3a9252af737ce1fe3247363522585902 .av-special-heading-tag .heading-char{\nfont-size:25px;\n}\n.av-special-heading.av-mmytm3cs-3a9252af737ce1fe3247363522585902 .special-heading-inner-border{\nborder-color:#ffffff;\n}\n.av-special-heading.av-mmytm3cs-3a9252af737ce1fe3247363522585902 .av-subheading{\nfont-size:15px;\n}\n<\/style>\n<div  class='av-special-heading av-mmytm3cs-3a9252af737ce1fe3247363522585902 av-special-heading-h1 custom-color-heading blockquote modern-quote'><h1 class='av-special-heading-tag '  itemprop=\"headline\"  >Kontakt<\/h1><div class='av_custom_color av-subheading av-subheading_below'><p>Wir sind hier, um Ihnen zu helfen<\/p>\n<\/div><div class=\"special-heading-border\"><div class=\"special-heading-inner-border\"><\/div><\/div><\/div><\/div><div  class='flex_column av-3xmuy-d5385627c0a3ac1aa39978154fc627c7 av_three_fifth flex_column_div  '     ><\/div>\n\n<\/div><\/div><\/div><!-- close content main div --><\/div><\/div>\n<style type=\"text\/css\" data-created_by=\"avia_inline_auto\" id=\"style-css-av-x9n2a-59719116ea378461df87787fc9e6c0d9\">\n.avia-section.av-x9n2a-59719116ea378461df87787fc9e6c0d9{\nbackground-repeat:no-repeat;\nbackground-image:url(https:\/\/sailandprotect.com\/wp-content\/uploads\/2026\/03\/image-205.png);\nbackground-position:0% 100%;\nbackground-attachment:scroll;\n}\n<\/style>\n<div id='av_section_2'  class='avia-section av-x9n2a-59719116ea378461df87787fc9e6c0d9 main_color avia-section-large avia-no-border-styling avia-bg-style-scroll container_wrap fullsize'  data-section-bg-repeat='no-repeat'><div class='container av-section-cont-open' ><div class='template-page content  av-content-full alpha units'><div class='post-entry post-entry-type-page post-entry-1041'><div class='entry-content-wrapper clearfix'>\n<div class='flex_column_table av-rbyxm-b816d36d9e467fe3fee64672bd0c03c8 sc-av_one_half av-equal-height-column-flextable'>\n<style type=\"text\/css\" data-created_by=\"avia_inline_auto\" id=\"style-css-av-rbyxm-b816d36d9e467fe3fee64672bd0c03c8\">\n.flex_column.av-rbyxm-b816d36d9e467fe3fee64672bd0c03c8 .avia-curtain-reveal-overlay{\nz-index:100;\n}\n<\/style>\n<div  class='flex_column av-rbyxm-b816d36d9e467fe3fee64672bd0c03c8 av_one_half first flex_column_table_cell av-equal-height-column av-align-top  '     ><div class='avia-curtain-reveal-overlay av-animated-when-visible-95 animate-all-devices curtain-reveal-btt'><\/div><p>\n<style type=\"text\/css\" data-created_by=\"avia_inline_auto\" id=\"style-css-av-mmytlts8-072967b6827f8635ffa533c0a6b2eaf1\">\n#top .av-special-heading.av-mmytlts8-072967b6827f8635ffa533c0a6b2eaf1{\npadding-bottom:10px;\n}\nbody .av-special-heading.av-mmytlts8-072967b6827f8635ffa533c0a6b2eaf1 .av-special-heading-tag .heading-char{\nfont-size:25px;\n}\n.av-special-heading.av-mmytlts8-072967b6827f8635ffa533c0a6b2eaf1 .av-subheading{\nfont-size:15px;\n}\n<\/style>\n<div  class='av-special-heading av-mmytlts8-072967b6827f8635ffa533c0a6b2eaf1 av-special-heading-h2 blockquote modern-quote'><h2 class='av-special-heading-tag '  itemprop=\"headline\"  >Kontaktieren Sie Sail <span class='special_amp'>&amp;<\/span> Sch\u00fctzen<\/h2><div class=\"special-heading-border\"><div class=\"special-heading-inner-border\"><\/div><\/div><\/div><br \/>\n<section  class='av_textblock_section av-mmytmcyk-7b7cbdf620d2763ab70b5942ea0fa880 '   itemscope=\"itemscope\" itemtype=\"https:\/\/schema.org\/CreativeWork\" ><div class='avia_textblock'  itemprop=\"text\" ><p data-start=\"339\" data-end=\"548\">Wenn Sie Fragen haben oder Hilfe bei der Planung Ihres Bootserlebnisses auf Mallorca ben\u00f6tigen, helfen wir Ihnen gerne weiter. Sie k\u00f6nnen uns schreiben oder anrufen und wir werden so schnell wie m\u00f6glich antworten.<\/p>\n<\/div><\/section><br \/>\n\n<style type=\"text\/css\" data-created_by=\"avia_inline_auto\" id=\"style-css-av-mmyu7yd4-a54850b74802e4200bc1d2b0156ba341\">\n#top .avia-icon-list-container.av-mmyu7yd4-a54850b74802e4200bc1d2b0156ba341 .iconlist_icon{\ncolor:#58c3c4;\n}\n#top .avia-icon-list-container.av-mmyu7yd4-a54850b74802e4200bc1d2b0156ba341 .iconlist_icon svg:first-child{\nstroke:#58c3c4;\nfill:#58c3c4;\n}\n.avia-icon-list-container.av-mmyu7yd4-a54850b74802e4200bc1d2b0156ba341 .iconlist_content{\ncolor:#000000;\n}\n<\/style>\n<div  class='avia-icon-list-container av-mmyu7yd4-a54850b74802e4200bc1d2b0156ba341'><ul class='avia-icon-list avia_animate_when_almost_visible avia-icon-list-left av-iconlist-small av-mmyu7yd4-a54850b74802e4200bc1d2b0156ba341 avia-iconlist-animate'>\n<li><div class='iconlist_icon av-mmyu6w4i-15c1a25d851a262f76500a1f6673e13c avia-font-entypo-fontello avia-iconfont avia-font-entypo-fontello'><span class='av-icon-char' data-av_icon='\ue805' data-av_iconfont='entypo-fontello' aria-hidden=\"true\"><\/span><\/div><article class=\"article-icon-entry \"  itemscope=\"itemscope\" itemtype=\"https:\/\/schema.org\/CreativeWork\" ><div class=\"iconlist_content_wrap\"><header class=\"entry-content-header\" aria-label=\"Icon: &lt;a href=&#039;mailto:info@sailandprotect.com&#039; title=&#039;E-Mail&#039; target=&quot;_blank&quot;  rel=&quot;noopener noreferrer&quot;&gt;E-Mail&lt;\/a&gt;\"><div class='av_iconlist_title iconlist_title_small  '  itemprop=\"headline\" ><a href='mailto:info@sailandprotect.com' title='E-Mail' target=\"_blank\"  rel=\"noopener noreferrer\">E-Mail<\/a><\/div><\/header><div class='iconlist_content av_inherit_color'  itemprop=\"text\" ><p>info@sailandprotect.com<\/p>\n<\/div><\/div><footer class=\"entry-footer\"><\/footer><\/article><div class=\"iconlist-timeline\"><\/div><\/li>\n<li><div class='iconlist_icon av-mmyu6w4i-2-1e91d6094177cc7346b70ccbf16a73fd avia-font-svg_entypo-fontello avia-svg-icon avia-font-svg_entypo-fontello'><span class='av-icon-char' data-av_svg_icon='comment' data-av_iconset='svg_entypo-fontello'><svg version=\"1.1\" xmlns=\"http:\/\/www.w3.org\/2000\/svg\" width=\"26\" height=\"32\" viewBox=\"0 0 26 32\" preserveAspectRatio=\"xMidYMid meet\" aria-labelledby='av-svg-title-1' aria-describedby='av-svg-desc-1' role=\"graphics-symbol\" aria-hidden=\"true\">\n<title id='av-svg-title-1'>Comment<\/title>\n<desc id='av-svg-desc-1'>Comment<\/desc>\n<path d=\"M22.4 4.8q1.344 0 2.272 0.928t0.928 2.272v11.2q0 1.28-0.928 2.24t-2.272 0.96h-6.4v4.8l-6.4-4.8h-6.4q-1.28 0-2.24-0.96t-0.96-2.24v-11.2q0-1.344 0.96-2.272t2.24-0.928h19.2z\"><\/path>\n<\/svg><\/span><\/div><article class=\"article-icon-entry \"  itemscope=\"itemscope\" itemtype=\"https:\/\/schema.org\/CreativeWork\" ><div class=\"iconlist_content_wrap\"><header class=\"entry-content-header\" aria-label=\"Icon: &lt;a href=&#039;tel:6006500600&#039; title=&#039;Telefon&#039;&gt;Telefon&lt;\/a&gt;\"><div class='av_iconlist_title iconlist_title_small  '  itemprop=\"headline\" ><a href='tel:6006500600' title='Telefon'>Telefon<\/a><\/div><\/header><div class='iconlist_content av_inherit_color'  itemprop=\"text\" ><p>+34 640 328 076<\/p>\n<\/div><\/div><footer class=\"entry-footer\"><\/footer><\/article><div class=\"iconlist-timeline\"><\/div><\/li>\n<li><div class='iconlist_icon av-mmyu6w4i-1-a8b385e139717dc2c0f7c83899a2ea89 avia-font-entypo-fontello avia-iconfont avia-font-entypo-fontello'><span class='av-icon-char' data-av_icon='\uf232' data-av_iconfont='entypo-fontello' aria-hidden=\"true\"><\/span><\/div><article class=\"article-icon-entry av-iconlist-empty\"  itemscope=\"itemscope\" itemtype=\"https:\/\/schema.org\/CreativeWork\" ><div class=\"iconlist_content_wrap\"><header class=\"entry-content-header\" aria-label=\"Icon: &lt;a href=&#039;https:\/\/wa.me\/34600600600&#039; title=&#039;WhatsApp&#039;&gt;WhatsApp&lt;\/a&gt;\"><div class='av_iconlist_title iconlist_title_small  '  itemprop=\"headline\" ><a href='https:\/\/wa.me\/34600600600' title='WhatsApp'>WhatsApp<\/a><\/div><\/header><div class='iconlist_content av_inherit_color'  itemprop=\"text\" ><\/div><\/div><footer class=\"entry-footer\"><\/footer><\/article><div class=\"iconlist-timeline\"><\/div><\/li>\n<\/ul><\/div><\/p><\/div><\/div><!--close column table wrapper. Autoclose: 1 --><div class='flex_column_table av-lezhu-7c2975f86fb6feced6a4fd11d72562f7 sc-av_one_half av-equal-height-column-flextable'><div class='av-flex-placeholder'><\/div>\n<style type=\"text\/css\" data-created_by=\"avia_inline_auto\" id=\"style-css-av-lezhu-7c2975f86fb6feced6a4fd11d72562f7\">\n.flex_column.av-lezhu-7c2975f86fb6feced6a4fd11d72562f7 .avia-curtain-reveal-overlay{\nz-index:100;\n}\n<\/style>\n<div  class='flex_column av-lezhu-7c2975f86fb6feced6a4fd11d72562f7 av_one_half flex_column_table_cell av-equal-height-column av-align-top  '     ><div class='avia-curtain-reveal-overlay av-animated-when-visible-95 animate-all-devices curtain-reveal-btt'><\/div><form action=\"https:\/\/sailandprotect.com\/de\/kontakt\/\" method=\"post\" data-fields-with-error=\"Es wurden Fehler in den folgenden Feldern gefunden:\" class=\"avia_ajax_form av-form-labels-hidden    \" data-avia-form-id=\"1\" data-avia-redirect=''  aria-label='Kontaktformular' ><fieldset><p class='  first_form  form_element form_element_third' id='element_avia_1_1'><label for=\"avia_1_1\">Name <abbr class=\"required\" title=\"ben\u00f6tigt\">*<\/abbr><\/label> <input name=\"avia_1_1\" class=\"text_input is_empty\" type=\"text\" id=\"avia_1_1\" value=\"\"  placeholder='Name*'\/><\/p><p class='  form_element form_element_third' id='element_avia_2_1'><label for=\"avia_2_1\">E-Mail <abbr class=\"required\" title=\"ben\u00f6tigt\">*<\/abbr><\/label> <input name=\"avia_2_1\" class=\"text_input is_email\" type=\"text\" id=\"avia_2_1\" value=\"\"  placeholder='E-Mail*'\/><\/p><p class='  form_element form_element_third' id='element_avia_3_1'><label for=\"avia_3_1\">Telefon <abbr class=\"required\" title=\"ben\u00f6tigt\">*<\/abbr><\/label> <input name=\"avia_3_1\" class=\"text_input is_number\" type=\"text\" id=\"avia_3_1\" value=\"\"  placeholder='Telefon*'\/><\/p><p class='  first_form  form_element form_fullwidth' id='element_avia_4_1'><label for=\"avia_4_1\">Aff\u00e4re <abbr class=\"required\" title=\"ben\u00f6tigt\">*<\/abbr><\/label> <input name=\"avia_4_1\" class=\"text_input is_empty\" type=\"text\" id=\"avia_4_1\" value=\"\"  placeholder='Aff\u00e4re*'\/><\/p><p class='  first_form  form_element form_fullwidth' id='element_avia_5_1'><label for=\"avia_5_1\" class=\"textare_label hidden textare_label_avia_5_1\">Nachricht <abbr class=\"required\" title=\"ben\u00f6tigt\">*<\/abbr><\/label><textarea  placeholder='Nachricht*' name=\"avia_5_1\" class=\"text_area is_empty\" cols=\"40\" rows=\"7\" id=\"avia_5_1\" ><\/textarea><\/p><p class=\"hidden\"><input type=\"text\" name=\"avia_6_1\" class=\"hidden \" id=\"avia_6_1\" value=\"\" \/><\/p><div id='avia_7_1' class='av-recaptcha-area  first_form  form_element form_fullwidth av-last-visible-form-element '  data-container_class=\"\" data-custom_class=\"\" data-context=\"av_contact_form\" data-token_input=\"av_recaptcha_token\" data-version=\"avia_recaptcha_v3\" data-theme=\"light\" data-size=\"normal\" data-score=\"0.5\" data-text_to_preview=\"\" data-value=\"\"><div class=\"av-google-badge-message hidden\">This site is protected by reCAPTCHA and the Google <a href=\"https:\/\/policies.google.com\/privacy\" target=\"_blank\" rel=\"noopener noreferrer\">Datenschutzbestimmungen<\/a> and <a href=\"https:\/\/policies.google.com\/terms\" target=\"_blank\" rel=\"noopener noreferrer\">Terms of Service<\/a> apply.<\/div><\/div><p class=' av_form_privacy_check av_contact_privacy_check first_form  form_element form_fullwidth' id='element_avia_8_1'><input  name=\"avia_8_1\" class=\"input_checkbox is_empty\" type=\"checkbox\" id=\"avia_8_1\" value=\"true\"\/><label class=\"input_checkbox_label\" for=\"avia_8_1\">Acepto los t\u00e9rminos y condiciones establecidos en la  <a href='https:\/\/sailandprotect.com\/politica-de-privacidad\/' target='_blank'>Pol\u00edtica de privacidad<\/a> <abbr class=\"required\" title=\"ben\u00f6tigt\">*<\/abbr><\/label><\/p><p class=\"form_element \"><input type=\"hidden\" value=\"1\" name=\"avia_generated_form1\" \/><input type=\"submit\" value=\"Enviar\" class=\"button\"  data-sending-label=\"Sende\"\/><\/p><\/fieldset><div class=\"avia-disabled-form\">Dieses Kontaktformular ist momentan deaktiviert, da Sie den Google reCAPTCHA-Service noch nicht akzeptiert haben. Dieser ist f\u00fcr die Validierung des Sendevorgangs jedoch notwendig<\/div><\/form><div id=\"ajaxresponse_1\" class=\"ajaxresponse ajaxresponse_1 hidden\"><\/div><\/div><\/div><!--close column table wrapper. Autoclose: 1 -->\n\n","protected":false},"excerpt":{"rendered":"","protected":false},"author":1,"featured_media":0,"parent":0,"menu_order":0,"comment_status":"closed","ping_status":"closed","template":"","meta":{"footnotes":""},"class_list":["post-1041","page","type-page","status-publish","hentry"],"yoast_head":"<!-- This site is optimized with the Yoast SEO plugin v27.4 - https:\/\/yoast.com\/product\/yoast-seo-wordpress\/ -->\n<title>Kontakt | Segeln und sch\u00fctzen Sie Mallorca<\/title>\n<meta name=\"description\" content=\"Schreiben Sie uns oder rufen Sie uns an, um Ihr Bootserlebnis auf Mallorca einfach und individuell zu organisieren.\" \/>\n<meta name=\"robots\" content=\"index, follow, max-snippet:-1, max-image-preview:large, max-video-preview:-1\" \/>\n<link rel=\"canonical\" href=\"https:\/\/sailandprotect.com\/de\/kontakt\/\" \/>\n<meta property=\"og:locale\" content=\"de_DE\" \/>\n<meta property=\"og:type\" content=\"article\" \/>\n<meta property=\"og:title\" content=\"Kontakt | Segeln und sch\u00fctzen Sie Mallorca\" \/>\n<meta property=\"og:description\" content=\"Schreiben Sie uns oder rufen Sie uns an, um Ihr Bootserlebnis auf Mallorca einfach und individuell zu organisieren.\" \/>\n<meta property=\"og:url\" content=\"https:\/\/sailandprotect.com\/de\/kontakt\/\" \/>\n<meta property=\"og:site_name\" content=\"Barcos\" \/>\n<meta property=\"article:modified_time\" content=\"2026-04-14T07:15:33+00:00\" \/>\n<meta name=\"twitter:card\" content=\"summary_large_image\" \/>\n<meta name=\"twitter:label1\" content=\"Gesch\u00e4tzte Lesezeit\" \/>\n\t<meta name=\"twitter:data1\" content=\"18\u00a0Minuten\" \/>\n<script type=\"application\/ld+json\" class=\"yoast-schema-graph\">{\"@context\":\"https:\\\/\\\/schema.org\",\"@graph\":[{\"@type\":\"WebPage\",\"@id\":\"https:\\\/\\\/sailandprotect.com\\\/de\\\/kontakt\\\/\",\"url\":\"https:\\\/\\\/sailandprotect.com\\\/de\\\/kontakt\\\/\",\"name\":\"Kontakt | Segeln und sch\u00fctzen Sie Mallorca\",\"isPartOf\":{\"@id\":\"https:\\\/\\\/sailandprotect.com\\\/#website\"},\"datePublished\":\"2026-02-10T07:50:05+00:00\",\"dateModified\":\"2026-04-14T07:15:33+00:00\",\"description\":\"Schreiben Sie uns oder rufen Sie uns an, um Ihr Bootserlebnis auf Mallorca einfach und individuell zu organisieren.\",\"breadcrumb\":{\"@id\":\"https:\\\/\\\/sailandprotect.com\\\/de\\\/kontakt\\\/#breadcrumb\"},\"inLanguage\":\"de\",\"potentialAction\":[{\"@type\":\"ReadAction\",\"target\":[\"https:\\\/\\\/sailandprotect.com\\\/de\\\/kontakt\\\/\"]}]},{\"@type\":\"BreadcrumbList\",\"@id\":\"https:\\\/\\\/sailandprotect.com\\\/de\\\/kontakt\\\/#breadcrumb\",\"itemListElement\":[{\"@type\":\"ListItem\",\"position\":1,\"name\":\"Portada\",\"item\":\"https:\\\/\\\/sailandprotect.com\\\/inicio\\\/\"},{\"@type\":\"ListItem\",\"position\":2,\"name\":\"Kontakt\"}]},{\"@type\":\"WebSite\",\"@id\":\"https:\\\/\\\/sailandprotect.com\\\/#website\",\"url\":\"https:\\\/\\\/sailandprotect.com\\\/\",\"name\":\"Barcos\",\"description\":\"\",\"potentialAction\":[{\"@type\":\"SearchAction\",\"target\":{\"@type\":\"EntryPoint\",\"urlTemplate\":\"https:\\\/\\\/sailandprotect.com\\\/?s={search_term_string}\"},\"query-input\":{\"@type\":\"PropertyValueSpecification\",\"valueRequired\":true,\"valueName\":\"search_term_string\"}}],\"inLanguage\":\"de\"}]}<\/script>\n<!-- \/ Yoast SEO plugin. -->","yoast_head_json":{"title":"Kontakt | Segeln und sch\u00fctzen Sie Mallorca","description":"Schreiben Sie uns oder rufen Sie uns an, um Ihr Bootserlebnis auf Mallorca einfach und individuell zu organisieren.","robots":{"index":"index","follow":"follow","max-snippet":"max-snippet:-1","max-image-preview":"max-image-preview:large","max-video-preview":"max-video-preview:-1"},"canonical":"https:\/\/sailandprotect.com\/de\/kontakt\/","og_locale":"de_DE","og_type":"article","og_title":"Kontakt | Segeln und sch\u00fctzen Sie Mallorca","og_description":"Schreiben Sie uns oder rufen Sie uns an, um Ihr Bootserlebnis auf Mallorca einfach und individuell zu organisieren.","og_url":"https:\/\/sailandprotect.com\/de\/kontakt\/","og_site_name":"Barcos","article_modified_time":"2026-04-14T07:15:33+00:00","twitter_card":"summary_large_image","twitter_misc":{"Gesch\u00e4tzte Lesezeit":"18\u00a0Minuten"},"schema":{"@context":"https:\/\/schema.org","@graph":[{"@type":"WebPage","@id":"https:\/\/sailandprotect.com\/de\/kontakt\/","url":"https:\/\/sailandprotect.com\/de\/kontakt\/","name":"Kontakt | Segeln und sch\u00fctzen Sie Mallorca","isPartOf":{"@id":"https:\/\/sailandprotect.com\/#website"},"datePublished":"2026-02-10T07:50:05+00:00","dateModified":"2026-04-14T07:15:33+00:00","description":"Schreiben Sie uns oder rufen Sie uns an, um Ihr Bootserlebnis auf Mallorca einfach und individuell zu organisieren.","breadcrumb":{"@id":"https:\/\/sailandprotect.com\/de\/kontakt\/#breadcrumb"},"inLanguage":"de","potentialAction":[{"@type":"ReadAction","target":["https:\/\/sailandprotect.com\/de\/kontakt\/"]}]},{"@type":"BreadcrumbList","@id":"https:\/\/sailandprotect.com\/de\/kontakt\/#breadcrumb","itemListElement":[{"@type":"ListItem","position":1,"name":"Portada","item":"https:\/\/sailandprotect.com\/inicio\/"},{"@type":"ListItem","position":2,"name":"Kontakt"}]},{"@type":"WebSite","@id":"https:\/\/sailandprotect.com\/#website","url":"https:\/\/sailandprotect.com\/","name":"Barcos","description":"","potentialAction":[{"@type":"SearchAction","target":{"@type":"EntryPoint","urlTemplate":"https:\/\/sailandprotect.com\/?s={search_term_string}"},"query-input":{"@type":"PropertyValueSpecification","valueRequired":true,"valueName":"search_term_string"}}],"inLanguage":"de"}]}},"_links":{"self":[{"href":"https:\/\/sailandprotect.com\/de\/wp-json\/wp\/v2\/pages\/1041","targetHints":{"allow":["GET"]}}],"collection":[{"href":"https:\/\/sailandprotect.com\/de\/wp-json\/wp\/v2\/pages"}],"about":[{"href":"https:\/\/sailandprotect.com\/de\/wp-json\/wp\/v2\/types\/page"}],"author":[{"embeddable":true,"href":"https:\/\/sailandprotect.com\/de\/wp-json\/wp\/v2\/users\/1"}],"replies":[{"embeddable":true,"href":"https:\/\/sailandprotect.com\/de\/wp-json\/wp\/v2\/comments?post=1041"}],"version-history":[{"count":0,"href":"https:\/\/sailandprotect.com\/de\/wp-json\/wp\/v2\/pages\/1041\/revisions"}],"wp:attachment":[{"href":"https:\/\/sailandprotect.com\/de\/wp-json\/wp\/v2\/media?parent=1041"}],"curies":[{"name":"wp","href":"https:\/\/api.w.org\/{rel}","templated":true}]}}