{"id":1045,"date":"2026-04-14T09:18:20","date_gmt":"2026-04-14T07:18:20","guid":{"rendered":"https:\/\/sailandprotect.com\/cookie-richtlinie\/"},"modified":"2026-04-14T09:18:20","modified_gmt":"2026-04-14T07:18:20","slug":"cookie-richtlinie","status":"publish","type":"page","link":"https:\/\/sailandprotect.com\/de\/cookie-richtlinie\/","title":{"rendered":"Cookie-Richtlinie"},"content":{"rendered":"<h2 style=\"text-align: center;\"><b>Pol\u00edtica de Cookies<\/b><\/h2>\n<p><b>IDENTIFICACI\u00d3N Y POL\u00cdTICA DE COOKIES<\/b><\/p>\n<p><span style=\"font-weight: 400;\">Esta p\u00e1gina web <\/span><b>sailandprotect.com<\/b><span style=\"font-weight: 400;\"> (en adelante, la \u201cWeb\u201d) es propiedad de MOMISLAND LIFE, S.L.., con la denominaci\u00f3n social <\/span><b>MOMISLAND LIFE, S.L. <\/b><span style=\"font-weight: 400;\">sociedad constituida y existente con arreglo a la legislaci\u00f3n espa\u00f1ola, y provista de CIF n\u00famero B75278788.<\/span><\/p>\n<p><span style=\"font-weight: 400;\">En nuestra web utilizamos cookies propias que nos permiten mejorar la experiencia de usuario y ofrecer contenidos adaptados a tus intereses gracias a la personalizaci\u00f3n del contenido. Adem\u00e1s, empleamos cookies de terceras partes que personalizan la publicidad de las p\u00e1ginas que visitas con contenido de inter\u00e9s para nuestros usuarios.<\/span><\/p>\n<p><span style=\"font-weight: 400;\">En caso de que contin\u00faes navegando con el navegador configurado para aceptar cookies entenderemos que aceptas la instalaci\u00f3n de cookies tal y como se detalla en la Pol\u00edtica de Cookies.<\/span><\/p>\n<p><b>INFORMACI\u00d3N B\u00c1SICA DE COOKIES<\/b><\/p>\n<p><b>\u00bfQu\u00e9 son las cookies?<\/b><\/p>\n<p><span style=\"font-weight: 400;\">Las cookies son peque\u00f1as piezas de informaci\u00f3n que se almacenan en el navegador de su ordenador, tableta o tel\u00e9fono m\u00f3vil cuando visita nuestro sitio web, y que facilitan y personalizan la navegaci\u00f3n al visitar las mismas p\u00e1ginas.<\/span><\/p>\n<p><b>\u00bfQu\u00e9 hacen las cookies?<\/b><\/p>\n<p><span style=\"font-weight: 400;\">Las cookies no se identifican personalmente y no suponen riesgo alguno para su ordenador o dispositivo m\u00f3vil. No son virus ni software esp\u00eda. Simplemente son herramientas utilizadas por los sitios web que visitas para mejorar su navegaci\u00f3n, para que sus datos viajen por la red seguras, para ayudarnos a entender qu\u00e9 informaci\u00f3n de nuestra web es m\u00e1s \u00fatil para nuestros usuarios o para saber qu\u00e9 ofertas pueden ser del inter\u00e9s de cada usuario. Y todo esto de una manera totalmente an\u00f3nima: nunca sabremos su nombre, direcci\u00f3n o tel\u00e9fono a menos que t\u00fa nos los facilites. Usted decide si permite o no las cookies, pero si decide no permitirlas, debe bloquearlas en su navegador.<\/span><\/p>\n<p><span style=\"font-weight: 400;\">Adem\u00e1s, debe tener en cuenta que, si decide no permitir el uso de cookies de la Web puede que algunas caracter\u00edsticas de la Web no funcionen correctamente y, adem\u00e1s, no podremos adaptar la informaci\u00f3n que le ofrecemos a sus intereses.<\/span><\/p>\n<p><b>\u00bfDurante cu\u00e1nto tiempo est\u00e1n activas las cookies?<\/b><\/p>\n<p><span style=\"font-weight: 400;\">B\u00e1sicamente, hay dos tipos de cookies:<\/span><\/p>\n<ul>\n<li style=\"font-weight: 400;\" aria-level=\"1\"><b>Las de sesi\u00f3n<\/b><span style=\"font-weight: 400;\">, que expiran cuando abandona la p\u00e1gina o cierra el navegador, es decir, est\u00e1n activas mientras dura su visita a nuestro sitio web. Se borran cuando apaga el dispositivo.<\/span><\/li>\n<li style=\"font-weight: 400;\" aria-level=\"1\"><b>Las permanentes<\/b><span style=\"font-weight: 400;\">, que expiran cuando se cumple el objetivo para el que sirven o cuando se borran manualmente, todas tienen una fecha de borrado autom\u00e1tica y se utilizan normalmente en procesos de compra online, personalizaciones o en el registro, para no tener que introducir la contrase\u00f1a constantemente.<\/span><\/li>\n<\/ul>\n<p><b>\u00bfPara qu\u00e9 empleamos cookies en sailandprotect.com?<\/b><\/p>\n<p><span style=\"font-weight: 400;\">Utilizamos las cookies para diferentes finalidades que son b\u00e1sicamente estas:<\/span><\/p>\n<ul>\n<li style=\"font-weight: 400;\" aria-level=\"1\"><b>T\u00e9cnicas<\/b><span style=\"font-weight: 400;\">: son necesarias para que pueda navegar por la Web correctamente y que pueda acceder a todas las secciones sin problemas.<\/span><\/li>\n<li style=\"font-weight: 400;\" aria-level=\"1\"><b>De an\u00e1lisis<\/b><span style=\"font-weight: 400;\">: nos permiten entender c\u00f3mo navega por nuestra web, ver qu\u00e9 funciona y qu\u00e9 no, mejorar la p\u00e1gina web, calcular cu\u00e1nta gente la visita, con el fin de mejorar los servicios que le podemos ofrecer. Esta informaci\u00f3n es an\u00f3nima, y solo la necesitamos para fines estad\u00edsticos.<\/span><\/li>\n<li style=\"font-weight: 400;\" aria-level=\"1\"><b>Complementos de medios sociales<\/b><span style=\"font-weight: 400;\">: facilitan su acceso a nuestros canales en redes sociales para que puedan mantenerlo al d\u00eda con consejos y novedades, as\u00ed como \u2013 participar de nuestra comunidad online.<\/span><\/li>\n<li style=\"font-weight: 400;\" aria-level=\"1\"><b>Publicidad<\/b><span style=\"font-weight: 400;\">: en ocasiones analizamos sus preferencias en la web para poder mostrarle publicidad relacionada con sus gustos. As\u00ed no le hacemos perder el tiempo Experience the Joy of Receiving a PoemExperimente la alegr\u00eda de recibir un poemacon ofertas que realmente no le son \u00fatiles.<\/span><\/li>\n<\/ul>\n<p><b>C\u00d3MO CONFIGURAR\/DESACTIVAR LAS COOKIES<\/b><\/p>\n<p><b>\u00bfQuiere desactivar las cookies de su navegador?<\/b><\/p>\n<p><span style=\"font-weight: 400;\">Por lo general, los navegadores permiten las cookies por defecto. Cuando navegas por la Web est\u00e1s aceptando el uso de las cookies. Sin embargo, t\u00fa decides si quieres navegar con o sin cookies, puesto que pueden modificar tus preferencias en cualquier momento.<\/span><\/p>\n<p>&nbsp;<\/p>\n","protected":false},"excerpt":{"rendered":"<p>Pol\u00edtica de Cookies IDENTIFICACI\u00d3N Y POL\u00cdTICA DE COOKIES Esta p\u00e1gina web sailandprotect.com (en adelante, la \u201cWeb\u201d) es propiedad de MOMISLAND LIFE, S.L.., con la denominaci\u00f3n social MOMISLAND LIFE, S.L. sociedad constituida y existente con arreglo a la legislaci\u00f3n espa\u00f1ola, y provista de CIF n\u00famero B75278788. En nuestra web utilizamos cookies propias que nos permiten mejorar [&hellip;]<\/p>\n","protected":false},"author":1,"featured_media":0,"parent":0,"menu_order":0,"comment_status":"closed","ping_status":"closed","template":"","meta":{"footnotes":""},"class_list":["post-1045","page","type-page","status-publish","hentry"],"yoast_head":"<!-- This site is optimized with the Yoast SEO plugin v27.4 - https:\/\/yoast.com\/product\/yoast-seo-wordpress\/ -->\n<title>Cookie-Richtlinie \u2013 Boote<\/title>\n<meta name=\"description\" content=\"Cookie-Richtlinie IDENTIFIZIERUNG UND COOKIE-RICHTLINIE Diese Website sailandprotect.com (im Folgenden die \u201eWebsite\u201c) ist Eigentum von MOMISLAND LIFE, S.L., mit dem Firmennamen MOMISLAND LIFE, S.L. Gesellschaft, die gem\u00e4\u00df spanischem Recht gegr\u00fcndet wurde und existiert und mit der CIF-Nummer B75278788 versehen ist. Auf unserer Website verwenden wir eigene Cookies, die es uns erm\u00f6glichen, [&hellip;] zu verbessern.\" \/>\n<meta name=\"robots\" content=\"index, follow, max-snippet:-1, max-image-preview:large, max-video-preview:-1\" \/>\n<link rel=\"canonical\" href=\"https:\/\/sailandprotect.com\/de\/cookie-richtlinie\/\" \/>\n<meta property=\"og:locale\" content=\"de_DE\" \/>\n<meta property=\"og:type\" content=\"article\" \/>\n<meta property=\"og:title\" content=\"Cookie-Richtlinie \u2013 Boote\" \/>\n<meta property=\"og:description\" content=\"Cookie-Richtlinie IDENTIFIZIERUNG UND COOKIE-RICHTLINIE Diese Website sailandprotect.com (im Folgenden die \u201eWebsite\u201c) ist Eigentum von MOMISLAND LIFE, S.L., mit dem Firmennamen MOMISLAND LIFE, S.L. Gesellschaft, die gem\u00e4\u00df spanischem Recht gegr\u00fcndet wurde und existiert und mit der CIF-Nummer B75278788 versehen ist. Auf unserer Website verwenden wir eigene Cookies, die es uns erm\u00f6glichen, [&hellip;] zu verbessern.\" \/>\n<meta property=\"og:url\" content=\"https:\/\/sailandprotect.com\/de\/cookie-richtlinie\/\" \/>\n<meta property=\"og:site_name\" content=\"Barcos\" \/>\n<meta name=\"twitter:card\" content=\"summary_large_image\" \/>\n<meta name=\"twitter:label1\" content=\"Gesch\u00e4tzte Lesezeit\" \/>\n\t<meta name=\"twitter:data1\" content=\"3\u00a0Minuten\" \/>\n<script type=\"application\/ld+json\" class=\"yoast-schema-graph\">{\"@context\":\"https:\\\/\\\/schema.org\",\"@graph\":[{\"@type\":\"WebPage\",\"@id\":\"https:\\\/\\\/sailandprotect.com\\\/de\\\/cookie-richtlinie\\\/\",\"url\":\"https:\\\/\\\/sailandprotect.com\\\/de\\\/cookie-richtlinie\\\/\",\"name\":\"Cookie-Richtlinie \u2013 Boote\",\"isPartOf\":{\"@id\":\"https:\\\/\\\/sailandprotect.com\\\/#website\"},\"datePublished\":\"2026-04-14T07:18:20+00:00\",\"description\":\"Cookie-Richtlinie IDENTIFIZIERUNG UND COOKIE-RICHTLINIE Diese Website sailandprotect.com (im Folgenden die \u201eWebsite\u201c) ist Eigentum von MOMISLAND LIFE, S.L., mit dem Firmennamen MOMISLAND LIFE, S.L. Gesellschaft, die gem\u00e4\u00df spanischem Recht gegr\u00fcndet wurde und existiert und mit der CIF-Nummer B75278788 versehen ist. Auf unserer Website verwenden wir eigene Cookies, die es uns erm\u00f6glichen, [&hellip;] zu verbessern.\",\"breadcrumb\":{\"@id\":\"https:\\\/\\\/sailandprotect.com\\\/de\\\/cookie-richtlinie\\\/#breadcrumb\"},\"inLanguage\":\"de\",\"potentialAction\":[{\"@type\":\"ReadAction\",\"target\":[\"https:\\\/\\\/sailandprotect.com\\\/de\\\/cookie-richtlinie\\\/\"]}]},{\"@type\":\"BreadcrumbList\",\"@id\":\"https:\\\/\\\/sailandprotect.com\\\/de\\\/cookie-richtlinie\\\/#breadcrumb\",\"itemListElement\":[{\"@type\":\"ListItem\",\"position\":1,\"name\":\"Portada\",\"item\":\"https:\\\/\\\/sailandprotect.com\\\/inicio\\\/\"},{\"@type\":\"ListItem\",\"position\":2,\"name\":\"Cookie-Richtlinie\"}]},{\"@type\":\"WebSite\",\"@id\":\"https:\\\/\\\/sailandprotect.com\\\/#website\",\"url\":\"https:\\\/\\\/sailandprotect.com\\\/\",\"name\":\"Barcos\",\"description\":\"\",\"potentialAction\":[{\"@type\":\"SearchAction\",\"target\":{\"@type\":\"EntryPoint\",\"urlTemplate\":\"https:\\\/\\\/sailandprotect.com\\\/?s={search_term_string}\"},\"query-input\":{\"@type\":\"PropertyValueSpecification\",\"valueRequired\":true,\"valueName\":\"search_term_string\"}}],\"inLanguage\":\"de\"}]}<\/script>\n<!-- \/ Yoast SEO plugin. -->","yoast_head_json":{"title":"Cookie-Richtlinie \u2013 Boote","description":"Cookie-Richtlinie IDENTIFIZIERUNG UND COOKIE-RICHTLINIE Diese Website sailandprotect.com (im Folgenden die \u201eWebsite\u201c) ist Eigentum von MOMISLAND LIFE, S.L., mit dem Firmennamen MOMISLAND LIFE, S.L. Gesellschaft, die gem\u00e4\u00df spanischem Recht gegr\u00fcndet wurde und existiert und mit der CIF-Nummer B75278788 versehen ist. Auf unserer Website verwenden wir eigene Cookies, die es uns erm\u00f6glichen, [&hellip;] zu verbessern.","robots":{"index":"index","follow":"follow","max-snippet":"max-snippet:-1","max-image-preview":"max-image-preview:large","max-video-preview":"max-video-preview:-1"},"canonical":"https:\/\/sailandprotect.com\/de\/cookie-richtlinie\/","og_locale":"de_DE","og_type":"article","og_title":"Cookie-Richtlinie \u2013 Boote","og_description":"Cookie-Richtlinie IDENTIFIZIERUNG UND COOKIE-RICHTLINIE Diese Website sailandprotect.com (im Folgenden die \u201eWebsite\u201c) ist Eigentum von MOMISLAND LIFE, S.L., mit dem Firmennamen MOMISLAND LIFE, S.L. Gesellschaft, die gem\u00e4\u00df spanischem Recht gegr\u00fcndet wurde und existiert und mit der CIF-Nummer B75278788 versehen ist. Auf unserer Website verwenden wir eigene Cookies, die es uns erm\u00f6glichen, [&hellip;] zu verbessern.","og_url":"https:\/\/sailandprotect.com\/de\/cookie-richtlinie\/","og_site_name":"Barcos","twitter_card":"summary_large_image","twitter_misc":{"Gesch\u00e4tzte Lesezeit":"3\u00a0Minuten"},"schema":{"@context":"https:\/\/schema.org","@graph":[{"@type":"WebPage","@id":"https:\/\/sailandprotect.com\/de\/cookie-richtlinie\/","url":"https:\/\/sailandprotect.com\/de\/cookie-richtlinie\/","name":"Cookie-Richtlinie \u2013 Boote","isPartOf":{"@id":"https:\/\/sailandprotect.com\/#website"},"datePublished":"2026-04-14T07:18:20+00:00","description":"Cookie-Richtlinie IDENTIFIZIERUNG UND COOKIE-RICHTLINIE Diese Website sailandprotect.com (im Folgenden die \u201eWebsite\u201c) ist Eigentum von MOMISLAND LIFE, S.L., mit dem Firmennamen MOMISLAND LIFE, S.L. Gesellschaft, die gem\u00e4\u00df spanischem Recht gegr\u00fcndet wurde und existiert und mit der CIF-Nummer B75278788 versehen ist. Auf unserer Website verwenden wir eigene Cookies, die es uns erm\u00f6glichen, [&hellip;] zu verbessern.","breadcrumb":{"@id":"https:\/\/sailandprotect.com\/de\/cookie-richtlinie\/#breadcrumb"},"inLanguage":"de","potentialAction":[{"@type":"ReadAction","target":["https:\/\/sailandprotect.com\/de\/cookie-richtlinie\/"]}]},{"@type":"BreadcrumbList","@id":"https:\/\/sailandprotect.com\/de\/cookie-richtlinie\/#breadcrumb","itemListElement":[{"@type":"ListItem","position":1,"name":"Portada","item":"https:\/\/sailandprotect.com\/inicio\/"},{"@type":"ListItem","position":2,"name":"Cookie-Richtlinie"}]},{"@type":"WebSite","@id":"https:\/\/sailandprotect.com\/#website","url":"https:\/\/sailandprotect.com\/","name":"Barcos","description":"","potentialAction":[{"@type":"SearchAction","target":{"@type":"EntryPoint","urlTemplate":"https:\/\/sailandprotect.com\/?s={search_term_string}"},"query-input":{"@type":"PropertyValueSpecification","valueRequired":true,"valueName":"search_term_string"}}],"inLanguage":"de"}]}},"_links":{"self":[{"href":"https:\/\/sailandprotect.com\/de\/wp-json\/wp\/v2\/pages\/1045","targetHints":{"allow":["GET"]}}],"collection":[{"href":"https:\/\/sailandprotect.com\/de\/wp-json\/wp\/v2\/pages"}],"about":[{"href":"https:\/\/sailandprotect.com\/de\/wp-json\/wp\/v2\/types\/page"}],"author":[{"embeddable":true,"href":"https:\/\/sailandprotect.com\/de\/wp-json\/wp\/v2\/users\/1"}],"replies":[{"embeddable":true,"href":"https:\/\/sailandprotect.com\/de\/wp-json\/wp\/v2\/comments?post=1045"}],"version-history":[{"count":0,"href":"https:\/\/sailandprotect.com\/de\/wp-json\/wp\/v2\/pages\/1045\/revisions"}],"wp:attachment":[{"href":"https:\/\/sailandprotect.com\/de\/wp-json\/wp\/v2\/media?parent=1045"}],"curies":[{"name":"wp","href":"https:\/\/api.w.org\/{rel}","templated":true}]}}