{"id":714,"date":"2026-02-05T12:12:29","date_gmt":"2026-02-05T10:12:29","guid":{"rendered":"https:\/\/sailandprotect.com\/privacy-policy\/"},"modified":"2026-04-13T13:24:15","modified_gmt":"2026-04-13T11:24:15","slug":"privacy-policy","status":"publish","type":"page","link":"https:\/\/sailandprotect.com\/en\/privacy-policy\/","title":{"rendered":"Privacy Policy"},"content":{"rendered":"<h2 style=\"text-align: center;\"><b>Pol\u00edtica de Privacidad<\/b><\/h2>\n<h3><b>Protecci\u00f3n de datos de car\u00e1cter personal<\/b><\/h3>\n<p><span style=\"font-weight: 400;\">A trav\u00e9s de la presente pol\u00edtica de privacidad <\/span><b>MOMISLAND LIFE, S.L.<\/b><span style=\"font-weight: 400;\">desea informar a todas las personas que naveguen y accedan al sitio web sailandprotect.com\u00a0 sobre los tratamientos de datos personales realizados.<\/span><\/p>\n<p><span style=\"font-weight: 400;\">El acceso al sitio web no requiere un registro previo. En cualquier caso, el Usuario con su navegaci\u00f3n acepta \u00edntegramente la presente pol\u00edtica de privacidad y pol\u00edtica de cookies.<\/span><\/p>\n<p><span style=\"font-weight: 400;\">Antes del env\u00edo de cualquier solicitud de informaci\u00f3n a trav\u00e9s del formulario de contacto de esta p\u00e1gina web, el usuario debe aceptar la pol\u00edtica de privacidad, con el fin de prestar el consentimiento expreso e informado por el tratamiento de los datos con las finalidades indicadas.<\/span><\/p>\n<p><span style=\"font-weight: 400;\">De conformidad con el Reglamento (UE) 2016\/679, de 27 de abril de 2016, relativo a la protecci\u00f3n de las personas f\u00edsicas en lo que se refiere al tratamiento de datos personales y a la libre circulaci\u00f3n de estos datos y subsidiariamente en lo no regulado, el Real decreto 1720\/2007, de 21 de diciembre, por el que se aprueba el Reglamento de desarrollo de la Ley org\u00e1nica 15\/1999, de 13 de diciembre de Protecci\u00f3n de Datos de Car\u00e1cter Personal, <\/span><b>sailandprotect.com\u00a0<\/b><\/p>\n<p><b>Responsable del archivo:<\/b><\/p>\n<p><b>Denominaci\u00f3n Social<\/b><span style=\"font-weight: 400;\">: <\/span><b>MOMISLAND LIFE, S.L.<\/b><b><br \/>\n<\/b><b> Nombre comercial:<\/b> <b>MOMISLAND LIFE, S.L.<\/b><b><br \/>\n<\/b><b> CIF:<\/b> <b>B75278788<\/b><b><br \/>\n<\/b><b> Domicilio: Lugar Pol\u00edgono, 4 Puerta 35. Finca Es Bassol. 07320 SANTA MARIA DEL CAMI, ILLES BALEARS<\/b><b><br \/>\n<\/b><b> E-mail:<\/b><span style=\"font-weight: 400;\"> info@saildandprotect.com<\/span><span style=\"font-weight: 400;\"><br \/>\n<\/span> <b>Datos Registrales:<\/b><span style=\"font-weight: 400;\"> Esta sociedad est\u00e1 inscrita en el Registro Mercantil de XXXXXXXXXXXXX, Tomo XXXXXXXXXXXXXXX, folio XXXXXXXXXXXX, secci\u00f3n 1, hoja L-XXXXXXXXXXXXXX<\/span><\/p>\n<p><span style=\"font-weight: 400;\">Desde ahora en adelante \u00a8La Empresa\u00a8<\/span><\/p>\n<p><b>Finalidad y conservaci\u00f3n de los datos:<\/b><\/p>\n<p><span style=\"font-weight: 400;\">\u00a0\u00abLa Empresa\u00bb tratar\u00e1 los datos de los Usuarios conforme a las siguientes finalidades:<\/span><\/p>\n<ul>\n<li style=\"font-weight: 400;\" aria-level=\"1\"><b>Gestionar el uso de las funcionalidades<\/b><span style=\"font-weight: 400;\"> puestas a disposici\u00f3n a trav\u00e9s del Sitio Web. Los datos tratados a tal efecto se conservar\u00e1n mientras se mantenga la relaci\u00f3n contractual y\/o mercantil entre el Usuario y La Empresa. En caso de que las solicitudes efectuadas por un usuario no mantengan una relaci\u00f3n contractual, los datos se conservar\u00e1n hasta haber resuelto esta solicitud.<\/span><\/li>\n<li style=\"font-weight: 400;\" aria-level=\"1\"><b>Dar rienda suelta a las solicitudes de empleo<\/b><span style=\"font-weight: 400;\"> y gestionar los procesos de selecci\u00f3n. Los datos tratados para este fin se conservar\u00e1n como m\u00e1ximo durante 1 a\u00f1o desde su recepci\u00f3n o finalizaci\u00f3n del proceso de selecci\u00f3n.<\/span><\/li>\n<li style=\"font-weight: 400;\" aria-level=\"1\"><b>Mantener informados a los usuarios<\/b><span style=\"font-weight: 400;\"> mediante comunicaciones comerciales sobre servicios y novedades de La Empresa. El Usuario solo recibir\u00e1 estas comunicaciones comerciales en caso de aceptaci\u00f3n, marcando la casilla correspondiente.<\/span><\/li>\n<\/ul>\n<p><span style=\"font-weight: 400;\">Estos datos solo ser\u00e1n tratados hasta el momento en que el Usuario retire su consentimiento o ejerza el derecho de oposici\u00f3n.<\/span><\/p>\n<p><b>Destinatarios:<\/b><\/p>\n<p><span style=\"font-weight: 400;\">Los datos de los usuarios no se ceder\u00e1n a terceros a excepci\u00f3n de obligaci\u00f3n legal.<\/span><\/p>\n<p><b>Derechos:<\/b><\/p>\n<p><span style=\"font-weight: 400;\">En cualquier momento el Usuario podr\u00e1 ejercer gratuitamente sus derechos de acceso, rectificaci\u00f3n, oposici\u00f3n y supresi\u00f3n de datos, as\u00ed como los dem\u00e1s derechos regulados en el Reglamento (UE) 679\/2016, esto es, el derecho a la portabilidad y la limitaci\u00f3n del tratamiento, mediante escrito acompa\u00f1ado de copia del DNI o documento v\u00e1lido que le identifique en La Empresa en el domicilio Ronda Llevant, 4, 08310 Barcelona (Ref. Protecci\u00f3n de Datos), o en la siguiente direcci\u00f3n de correo electr\u00f3nico info@saildandprotect.com. La Empresa informa al Usuario que, si lo estima oportuno, tiene derecho a presentar una reclamaci\u00f3n ante la correspondiente autoridad de control.<\/span><\/p>\n<p><b>\u00bfEs obligatorio proporcionar toda la informaci\u00f3n solicitada en el apartado de contacto?<\/b><\/p>\n<p><span style=\"font-weight: 400;\">En cuanto a los formularios del Sitio Web, el Usuario debe cumplimentar los marcados como \u201crequerido\u201d. No completar los datos personales requeridos o hacerlo parcialmente puede suponer que La Empresa no pueda atender a sus solicitudes y, en consecuencia, La Empresa quedar\u00e1 exonerada de toda responsabilidad por la no prestaci\u00f3n o prestaci\u00f3n incompleta de los servicios solicitados.<\/span><\/p>\n<p><span style=\"font-weight: 400;\">Los datos personales que el Usuario facilita a La Empresa deben ser actuales para que la informaci\u00f3n de los registros est\u00e9 actualizada y sin errores. El Usuario responder\u00e1 de la veracidad de los datos facilitados.<\/span><\/p>\n<p><b>Menores de edad:<\/b><span style=\"font-weight: 400;\">\u00a0<\/span><\/p>\n<p><span style=\"font-weight: 400;\">Los menores de 14 a\u00f1os no pueden ceder sus datos personales a La Empresa sin el consentimiento de sus padres y\/o tutores legales.<\/span><\/p>\n<p><span style=\"font-weight: 400;\">En caso de que La Empresa detectara que el Usuario fuera menor de 14 a\u00f1os, se reserva el derecho a solicitar copia de su DNI o documento de identidad equivalente, o en su caso, la autorizaci\u00f3n de sus padres y\/o tutores legales, causando baja en caso de no acreditar el cumplimiento de ese requisito o falta de respuesta.<\/span><\/p>\n<p><b>\u00bfQu\u00e9 medidas de seguridad tiene implantada la empresa?<\/b><\/p>\n<p><span style=\"font-weight: 400;\">La Empresa informa que el tratamiento que realiza de datos personales se realiza en todo momento de conformidad con la normativa aplicable en materia de protecci\u00f3n de datos y servicios de la sociedad de la informaci\u00f3n.<\/span><\/p>\n<p><span style=\"font-weight: 400;\">La Empresa tiene implantadas las medidas de seguridad de \u00edndole t\u00e9cnica y organizativas necesarias que garanticen la seguridad de los datos de car\u00e1cter personal del Usuario y eviten su alteraci\u00f3n, p\u00e9rdida, tratamiento y\/o acceso no autorizado de acuerdo con el estado de la tecnolog\u00eda, la naturaleza de los datos almacenados y los riesgos a los que est\u00e1n expuestos, ya provengan de la acci\u00f3n humana o del medio f\u00edsico o natural, de conformidad con lo que prev\u00e9 la normativa vigente.<\/span><\/p>\n<p><b>Redes sociales<\/b><\/p>\n<p><span style=\"font-weight: 400;\">La Empresa dispone de perfiles en las redes sociales con el fin de publicar y difundir informaci\u00f3n sobre los servicios prestados a trav\u00e9s de la p\u00e1gina web, interactuar con los usuarios y ofrecer el canal de atenci\u00f3n e interacci\u00f3n social.<\/span><\/p>\n<p><span style=\"font-weight: 400;\">A continuaci\u00f3n se citan las redes sociales en las que La Empresa tiene perfil abierto con el nombre comercial La Empresa son:<\/span><\/p>\n<ul>\n<li style=\"font-weight: 400;\" aria-level=\"1\"><span style=\"font-weight: 400;\">Youtube<\/span><\/li>\n<li style=\"font-weight: 400;\" aria-level=\"1\"><span style=\"font-weight: 400;\">Instagram<\/span><\/li>\n<\/ul>\n","protected":false},"excerpt":{"rendered":"<p>Pol\u00edtica de Privacidad Protecci\u00f3n de datos de car\u00e1cter personal A trav\u00e9s de la presente pol\u00edtica de privacidad MOMISLAND LIFE, S.L.desea informar a todas las personas que naveguen y accedan al sitio web sailandprotect.com\u00a0 sobre los tratamientos de datos personales realizados. El acceso al sitio web no requiere un registro previo. En cualquier caso, el Usuario [&hellip;]<\/p>\n","protected":false},"author":1,"featured_media":0,"parent":0,"menu_order":0,"comment_status":"closed","ping_status":"closed","template":"","meta":{"footnotes":""},"class_list":["post-714","page","type-page","status-publish","hentry"],"yoast_head":"<!-- This site is optimized with the Yoast SEO plugin v27.4 - https:\/\/yoast.com\/product\/yoast-seo-wordpress\/ -->\n<title>Privacy Policy - Boats<\/title>\n<meta name=\"description\" content=\"Privacy Policy Protection of personal data Through this privacy policy MOMISLAND LIFE, S.L. wishes to inform all people who browse and access the sailandprotect.com website about the personal data processing carried out. Access to the website does not require prior registration. In any case, the User [&hellip;]\" \/>\n<meta name=\"robots\" content=\"index, follow, max-snippet:-1, max-image-preview:large, max-video-preview:-1\" \/>\n<link rel=\"canonical\" href=\"https:\/\/sailandprotect.com\/en\/privacy-policy\/\" \/>\n<meta property=\"og:locale\" content=\"en_US\" \/>\n<meta property=\"og:type\" content=\"article\" \/>\n<meta property=\"og:title\" content=\"Privacy Policy - Boats\" \/>\n<meta property=\"og:description\" content=\"Privacy Policy Protection of personal data Through this privacy policy MOMISLAND LIFE, S.L. wishes to inform all people who browse and access the sailandprotect.com website about the personal data processing carried out. Access to the website does not require prior registration. In any case, the User [&hellip;]\" \/>\n<meta property=\"og:url\" content=\"https:\/\/sailandprotect.com\/en\/privacy-policy\/\" \/>\n<meta property=\"og:site_name\" content=\"Barcos\" \/>\n<meta property=\"article:modified_time\" content=\"2026-04-13T11:24:15+00:00\" \/>\n<meta name=\"twitter:card\" content=\"summary_large_image\" \/>\n<meta name=\"twitter:label1\" content=\"Est. reading time\" \/>\n\t<meta name=\"twitter:data1\" content=\"5 minutes\" \/>\n<script type=\"application\/ld+json\" class=\"yoast-schema-graph\">{\"@context\":\"https:\\\/\\\/schema.org\",\"@graph\":[{\"@type\":\"WebPage\",\"@id\":\"https:\\\/\\\/sailandprotect.com\\\/en\\\/privacy-policy\\\/\",\"url\":\"https:\\\/\\\/sailandprotect.com\\\/en\\\/privacy-policy\\\/\",\"name\":\"Privacy Policy - Boats\",\"isPartOf\":{\"@id\":\"https:\\\/\\\/sailandprotect.com\\\/#website\"},\"datePublished\":\"2026-02-05T10:12:29+00:00\",\"dateModified\":\"2026-04-13T11:24:15+00:00\",\"description\":\"Privacy Policy Protection of personal data Through this privacy policy MOMISLAND LIFE, S.L. wishes to inform all people who browse and access the sailandprotect.com website about the personal data processing carried out. Access to the website does not require prior registration. In any case, the User [&hellip;]\",\"breadcrumb\":{\"@id\":\"https:\\\/\\\/sailandprotect.com\\\/en\\\/privacy-policy\\\/#breadcrumb\"},\"inLanguage\":\"en-US\",\"potentialAction\":[{\"@type\":\"ReadAction\",\"target\":[\"https:\\\/\\\/sailandprotect.com\\\/en\\\/privacy-policy\\\/\"]}]},{\"@type\":\"BreadcrumbList\",\"@id\":\"https:\\\/\\\/sailandprotect.com\\\/en\\\/privacy-policy\\\/#breadcrumb\",\"itemListElement\":[{\"@type\":\"ListItem\",\"position\":1,\"name\":\"Portada\",\"item\":\"https:\\\/\\\/sailandprotect.com\\\/en\\\/home\\\/\"},{\"@type\":\"ListItem\",\"position\":2,\"name\":\"Privacy Policy\"}]},{\"@type\":\"WebSite\",\"@id\":\"https:\\\/\\\/sailandprotect.com\\\/#website\",\"url\":\"https:\\\/\\\/sailandprotect.com\\\/\",\"name\":\"Barcos\",\"description\":\"\",\"potentialAction\":[{\"@type\":\"SearchAction\",\"target\":{\"@type\":\"EntryPoint\",\"urlTemplate\":\"https:\\\/\\\/sailandprotect.com\\\/?s={search_term_string}\"},\"query-input\":{\"@type\":\"PropertyValueSpecification\",\"valueRequired\":true,\"valueName\":\"search_term_string\"}}],\"inLanguage\":\"en-US\"}]}<\/script>\n<!-- \/ Yoast SEO plugin. -->","yoast_head_json":{"title":"Privacy Policy - Boats","description":"Privacy Policy Protection of personal data Through this privacy policy MOMISLAND LIFE, S.L. wishes to inform all people who browse and access the sailandprotect.com website about the personal data processing carried out. Access to the website does not require prior registration. In any case, the User [&hellip;]","robots":{"index":"index","follow":"follow","max-snippet":"max-snippet:-1","max-image-preview":"max-image-preview:large","max-video-preview":"max-video-preview:-1"},"canonical":"https:\/\/sailandprotect.com\/en\/privacy-policy\/","og_locale":"en_US","og_type":"article","og_title":"Privacy Policy - Boats","og_description":"Privacy Policy Protection of personal data Through this privacy policy MOMISLAND LIFE, S.L. wishes to inform all people who browse and access the sailandprotect.com website about the personal data processing carried out. Access to the website does not require prior registration. In any case, the User [&hellip;]","og_url":"https:\/\/sailandprotect.com\/en\/privacy-policy\/","og_site_name":"Barcos","article_modified_time":"2026-04-13T11:24:15+00:00","twitter_card":"summary_large_image","twitter_misc":{"Est. reading time":"5 minutes"},"schema":{"@context":"https:\/\/schema.org","@graph":[{"@type":"WebPage","@id":"https:\/\/sailandprotect.com\/en\/privacy-policy\/","url":"https:\/\/sailandprotect.com\/en\/privacy-policy\/","name":"Privacy Policy - Boats","isPartOf":{"@id":"https:\/\/sailandprotect.com\/#website"},"datePublished":"2026-02-05T10:12:29+00:00","dateModified":"2026-04-13T11:24:15+00:00","description":"Privacy Policy Protection of personal data Through this privacy policy MOMISLAND LIFE, S.L. wishes to inform all people who browse and access the sailandprotect.com website about the personal data processing carried out. Access to the website does not require prior registration. In any case, the User [&hellip;]","breadcrumb":{"@id":"https:\/\/sailandprotect.com\/en\/privacy-policy\/#breadcrumb"},"inLanguage":"en-US","potentialAction":[{"@type":"ReadAction","target":["https:\/\/sailandprotect.com\/en\/privacy-policy\/"]}]},{"@type":"BreadcrumbList","@id":"https:\/\/sailandprotect.com\/en\/privacy-policy\/#breadcrumb","itemListElement":[{"@type":"ListItem","position":1,"name":"Portada","item":"https:\/\/sailandprotect.com\/en\/home\/"},{"@type":"ListItem","position":2,"name":"Privacy Policy"}]},{"@type":"WebSite","@id":"https:\/\/sailandprotect.com\/#website","url":"https:\/\/sailandprotect.com\/","name":"Barcos","description":"","potentialAction":[{"@type":"SearchAction","target":{"@type":"EntryPoint","urlTemplate":"https:\/\/sailandprotect.com\/?s={search_term_string}"},"query-input":{"@type":"PropertyValueSpecification","valueRequired":true,"valueName":"search_term_string"}}],"inLanguage":"en-US"}]}},"_links":{"self":[{"href":"https:\/\/sailandprotect.com\/en\/wp-json\/wp\/v2\/pages\/714","targetHints":{"allow":["GET"]}}],"collection":[{"href":"https:\/\/sailandprotect.com\/en\/wp-json\/wp\/v2\/pages"}],"about":[{"href":"https:\/\/sailandprotect.com\/en\/wp-json\/wp\/v2\/types\/page"}],"author":[{"embeddable":true,"href":"https:\/\/sailandprotect.com\/en\/wp-json\/wp\/v2\/users\/1"}],"replies":[{"embeddable":true,"href":"https:\/\/sailandprotect.com\/en\/wp-json\/wp\/v2\/comments?post=714"}],"version-history":[{"count":1,"href":"https:\/\/sailandprotect.com\/en\/wp-json\/wp\/v2\/pages\/714\/revisions"}],"predecessor-version":[{"id":834,"href":"https:\/\/sailandprotect.com\/en\/wp-json\/wp\/v2\/pages\/714\/revisions\/834"}],"wp:attachment":[{"href":"https:\/\/sailandprotect.com\/en\/wp-json\/wp\/v2\/media?parent=714"}],"curies":[{"name":"wp","href":"https:\/\/api.w.org\/{rel}","templated":true}]}}