{"id":865,"date":"2026-03-20T08:00:10","date_gmt":"2026-03-20T06:00:10","guid":{"rendered":"https:\/\/sailandprotect.com\/blog\/"},"modified":"2026-04-13T15:30:08","modified_gmt":"2026-04-13T13:30:08","slug":"blog","status":"publish","type":"page","link":"https:\/\/sailandprotect.com\/fr\/blog\/","title":{"rendered":"Blog"},"content":{"rendered":"<\/div><\/div><\/div><!-- close content main div --><\/div><\/div>\n<style type=\"text\/css\" data-created_by=\"avia_inline_auto\" id=\"style-css-av-j6pzb-2f32ea5f0afaae21308cfa561e797714\">\n.avia-section.av-j6pzb-2f32ea5f0afaae21308cfa561e797714{\nbackground-repeat:no-repeat;\nbackground-image:url(https:\/\/sailandprotect.com\/wp-content\/uploads\/2026\/03\/bg-header1.jpg);\nbackground-position:0% 0%;\nbackground-attachment:scroll;\n}\n<\/style>\n<div id='av_section_1'  class='avia-section av-j6pzb-2f32ea5f0afaae21308cfa561e797714 main_color avia-section-default avia-no-border-styling avia-bg-style-scroll container_wrap fullsize'  data-section-bg-repeat='no-repeat'><div class='container av-section-cont-open' ><div class='template-page content  av-content-full alpha units'><div class='post-entry post-entry-type-page post-entry-865'><div class='entry-content-wrapper clearfix'>\n<div  class='flex_column av-exskv-eb3b7cbace62eaac9e478e2f0dddcdea av_one_half first flex_column_div  '     ><style type=\"text\/css\" data-created_by=\"avia_inline_auto\" id=\"style-css-av-mmyvst1w-5cb138808a53190ea9558b8e70d24462\">\n#top .av-special-heading.av-mmyvst1w-5cb138808a53190ea9558b8e70d24462{\npadding-bottom:10px;\ncolor:#ffffff;\n}\nbody .av-special-heading.av-mmyvst1w-5cb138808a53190ea9558b8e70d24462 .av-special-heading-tag .heading-char{\nfont-size:25px;\n}\n.av-special-heading.av-mmyvst1w-5cb138808a53190ea9558b8e70d24462 .special-heading-inner-border{\nborder-color:#ffffff;\n}\n.av-special-heading.av-mmyvst1w-5cb138808a53190ea9558b8e70d24462 .av-subheading{\nfont-size:15px;\n}\n<\/style>\n<div  class='av-special-heading av-mmyvst1w-5cb138808a53190ea9558b8e70d24462 av-special-heading-h1 custom-color-heading blockquote modern-quote'><h1 class='av-special-heading-tag '  itemprop=\"headline\"  >Blog sur Majorque et la mer<\/h1><div class='av_custom_color av-subheading av-subheading_below'><p>Conseils, exp\u00e9riences et guides<\/p>\n<\/div><div class=\"special-heading-border\"><div class=\"special-heading-inner-border\"><\/div><\/div><\/div><\/div><div  class='flex_column av-a9mkf-e5be28a02350806bfc0f310f09304d84 av_one_half flex_column_div  '     ><\/div>\n\n\n","protected":false},"excerpt":{"rendered":"","protected":false},"author":1,"featured_media":0,"parent":0,"menu_order":0,"comment_status":"closed","ping_status":"closed","template":"","meta":{"footnotes":""},"class_list":["post-865","page","type-page","status-publish","hentry"],"yoast_head":"<!-- This site is optimized with the Yoast SEO plugin v27.4 - https:\/\/yoast.com\/product\/yoast-seo-wordpress\/ -->\n<title>Blog sur Majorque et la location de bateaux | Naviguer et prot\u00e9ger<\/title>\n<meta name=\"description\" content=\"D\u00e9couvrez notre blog sur Majorque, la mer et la location de bateaux. Conseils, guides et exp\u00e9riences pour profiter de la M\u00e9diterran\u00e9e.\" \/>\n<meta name=\"robots\" content=\"index, follow, max-snippet:-1, max-image-preview:large, max-video-preview:-1\" \/>\n<link rel=\"canonical\" href=\"https:\/\/sailandprotect.com\/fr\/blog\/\" \/>\n<meta property=\"og:locale\" content=\"fr_FR\" \/>\n<meta property=\"og:type\" content=\"article\" \/>\n<meta property=\"og:title\" content=\"Blog sur Majorque et la location de bateaux | Naviguer et prot\u00e9ger\" \/>\n<meta property=\"og:description\" content=\"D\u00e9couvrez notre blog sur Majorque, la mer et la location de bateaux. Conseils, guides et exp\u00e9riences pour profiter de la M\u00e9diterran\u00e9e.\" \/>\n<meta property=\"og:url\" content=\"https:\/\/sailandprotect.com\/fr\/blog\/\" \/>\n<meta property=\"og:site_name\" content=\"Barcos\" \/>\n<meta property=\"article:modified_time\" content=\"2026-04-13T13:30:08+00:00\" \/>\n<meta name=\"twitter:card\" content=\"summary_large_image\" \/>\n<meta name=\"twitter:label1\" content=\"Dur\u00e9e de lecture estim\u00e9e\" \/>\n\t<meta name=\"twitter:data1\" content=\"8 minutes\" \/>\n<script type=\"application\/ld+json\" class=\"yoast-schema-graph\">{\"@context\":\"https:\\\/\\\/schema.org\",\"@graph\":[{\"@type\":\"WebPage\",\"@id\":\"https:\\\/\\\/sailandprotect.com\\\/fr\\\/blog\\\/\",\"url\":\"https:\\\/\\\/sailandprotect.com\\\/fr\\\/blog\\\/\",\"name\":\"Blog sur Majorque et la location de bateaux | Naviguer et prot\u00e9ger\",\"isPartOf\":{\"@id\":\"https:\\\/\\\/sailandprotect.com\\\/#website\"},\"datePublished\":\"2026-03-20T06:00:10+00:00\",\"dateModified\":\"2026-04-13T13:30:08+00:00\",\"description\":\"D\u00e9couvrez notre blog sur Majorque, la mer et la location de bateaux. Conseils, guides et exp\u00e9riences pour profiter de la M\u00e9diterran\u00e9e.\",\"breadcrumb\":{\"@id\":\"https:\\\/\\\/sailandprotect.com\\\/fr\\\/blog\\\/#breadcrumb\"},\"inLanguage\":\"fr-FR\",\"potentialAction\":[{\"@type\":\"ReadAction\",\"target\":[\"https:\\\/\\\/sailandprotect.com\\\/fr\\\/blog\\\/\"]}]},{\"@type\":\"BreadcrumbList\",\"@id\":\"https:\\\/\\\/sailandprotect.com\\\/fr\\\/blog\\\/#breadcrumb\",\"itemListElement\":[{\"@type\":\"ListItem\",\"position\":1,\"name\":\"Portada\",\"item\":\"https:\\\/\\\/sailandprotect.com\\\/fr\\\/accueil\\\/\"},{\"@type\":\"ListItem\",\"position\":2,\"name\":\"Blog\"}]},{\"@type\":\"WebSite\",\"@id\":\"https:\\\/\\\/sailandprotect.com\\\/#website\",\"url\":\"https:\\\/\\\/sailandprotect.com\\\/\",\"name\":\"Barcos\",\"description\":\"\",\"potentialAction\":[{\"@type\":\"SearchAction\",\"target\":{\"@type\":\"EntryPoint\",\"urlTemplate\":\"https:\\\/\\\/sailandprotect.com\\\/?s={search_term_string}\"},\"query-input\":{\"@type\":\"PropertyValueSpecification\",\"valueRequired\":true,\"valueName\":\"search_term_string\"}}],\"inLanguage\":\"fr-FR\"}]}<\/script>\n<!-- \/ Yoast SEO plugin. -->","yoast_head_json":{"title":"Blog sur Majorque et la location de bateaux | Naviguer et prot\u00e9ger","description":"D\u00e9couvrez notre blog sur Majorque, la mer et la location de bateaux. Conseils, guides et exp\u00e9riences pour profiter de la M\u00e9diterran\u00e9e.","robots":{"index":"index","follow":"follow","max-snippet":"max-snippet:-1","max-image-preview":"max-image-preview:large","max-video-preview":"max-video-preview:-1"},"canonical":"https:\/\/sailandprotect.com\/fr\/blog\/","og_locale":"fr_FR","og_type":"article","og_title":"Blog sur Majorque et la location de bateaux | Naviguer et prot\u00e9ger","og_description":"D\u00e9couvrez notre blog sur Majorque, la mer et la location de bateaux. Conseils, guides et exp\u00e9riences pour profiter de la M\u00e9diterran\u00e9e.","og_url":"https:\/\/sailandprotect.com\/fr\/blog\/","og_site_name":"Barcos","article_modified_time":"2026-04-13T13:30:08+00:00","twitter_card":"summary_large_image","twitter_misc":{"Dur\u00e9e de lecture estim\u00e9e":"8 minutes"},"schema":{"@context":"https:\/\/schema.org","@graph":[{"@type":"WebPage","@id":"https:\/\/sailandprotect.com\/fr\/blog\/","url":"https:\/\/sailandprotect.com\/fr\/blog\/","name":"Blog sur Majorque et la location de bateaux | Naviguer et prot\u00e9ger","isPartOf":{"@id":"https:\/\/sailandprotect.com\/#website"},"datePublished":"2026-03-20T06:00:10+00:00","dateModified":"2026-04-13T13:30:08+00:00","description":"D\u00e9couvrez notre blog sur Majorque, la mer et la location de bateaux. Conseils, guides et exp\u00e9riences pour profiter de la M\u00e9diterran\u00e9e.","breadcrumb":{"@id":"https:\/\/sailandprotect.com\/fr\/blog\/#breadcrumb"},"inLanguage":"fr-FR","potentialAction":[{"@type":"ReadAction","target":["https:\/\/sailandprotect.com\/fr\/blog\/"]}]},{"@type":"BreadcrumbList","@id":"https:\/\/sailandprotect.com\/fr\/blog\/#breadcrumb","itemListElement":[{"@type":"ListItem","position":1,"name":"Portada","item":"https:\/\/sailandprotect.com\/fr\/accueil\/"},{"@type":"ListItem","position":2,"name":"Blog"}]},{"@type":"WebSite","@id":"https:\/\/sailandprotect.com\/#website","url":"https:\/\/sailandprotect.com\/","name":"Barcos","description":"","potentialAction":[{"@type":"SearchAction","target":{"@type":"EntryPoint","urlTemplate":"https:\/\/sailandprotect.com\/?s={search_term_string}"},"query-input":{"@type":"PropertyValueSpecification","valueRequired":true,"valueName":"search_term_string"}}],"inLanguage":"fr-FR"}]}},"_links":{"self":[{"href":"https:\/\/sailandprotect.com\/fr\/wp-json\/wp\/v2\/pages\/865","targetHints":{"allow":["GET"]}}],"collection":[{"href":"https:\/\/sailandprotect.com\/fr\/wp-json\/wp\/v2\/pages"}],"about":[{"href":"https:\/\/sailandprotect.com\/fr\/wp-json\/wp\/v2\/types\/page"}],"author":[{"embeddable":true,"href":"https:\/\/sailandprotect.com\/fr\/wp-json\/wp\/v2\/users\/1"}],"replies":[{"embeddable":true,"href":"https:\/\/sailandprotect.com\/fr\/wp-json\/wp\/v2\/comments?post=865"}],"version-history":[{"count":1,"href":"https:\/\/sailandprotect.com\/fr\/wp-json\/wp\/v2\/pages\/865\/revisions"}],"predecessor-version":[{"id":946,"href":"https:\/\/sailandprotect.com\/fr\/wp-json\/wp\/v2\/pages\/865\/revisions\/946"}],"wp:attachment":[{"href":"https:\/\/sailandprotect.com\/fr\/wp-json\/wp\/v2\/media?parent=865"}],"curies":[{"name":"wp","href":"https:\/\/api.w.org\/{rel}","templated":true}]}}