{"id":874,"date":"2026-02-09T12:32:39","date_gmt":"2026-02-09T10:32:39","guid":{"rendered":"https:\/\/sailandprotect.com\/mentions-legales\/"},"modified":"2026-04-13T15:20:45","modified_gmt":"2026-04-13T13:20:45","slug":"mentions-legales","status":"publish","type":"page","link":"https:\/\/sailandprotect.com\/fr\/mentions-legales\/","title":{"rendered":"Mentions l\u00e9gales"},"content":{"rendered":"<h2 style=\"text-align: center;\"><b>Aviso Legal<\/b><\/h2>\n<p><span style=\"font-weight: 400;\">En cumplimiento de la Ley 34\/2002, de 11 de julio, de Servicios de la Sociedad de la Informaci\u00f3n y de Comercio electr\u00f3nico, se informa al Usuario que el titular de la p\u00e1gina web <\/span><b>sailandprotect.com<\/b><span style=\"font-weight: 400;\"> es el <\/span><b>MOMISLAND LIFE, S.L.<\/b><span style=\"font-weight: 400;\"> de la denominaci\u00f3n social <\/span><b>MOMISLAND LIFE, S.L.<\/b><span style=\"font-weight: 400;\">,\u00a0 y sus datos de identificaci\u00f3n son los siguientes:<\/span><\/p>\n<p><b>Domicilio social: Lugar Pol\u00edgono, 4 Puerta 35. Finca Es Bassol. 07320 SANTA MARIA DEL CAMI, ILLES BALEARS<\/b><span style=\"font-weight: 400;\"><br \/>\n<\/span> <b>CIF: B75278788<\/b><b><br \/>\n<\/b> <b>E-mail:<\/b><span style=\"font-weight: 400;\"> info@saildandprotect.com<\/span><span style=\"font-weight: 400;\"><br \/>\n<\/span> <b>Datos Registrales:<\/b><span style=\"font-weight: 400;\"> Esta sociedad est\u00e1 inscrita en el Registro Mercantil de XXXXXXXXXXXX, Tomo XXXXXXXXXX, folio XXXXXXX, secci\u00f3n 1, hoja L-XXXXXXXXXX<\/span><\/p>\n<p><span style=\"font-weight: 400;\">Desde ahora \u00a8<\/span><b>La empresa<\/b><span style=\"font-weight: 400;\">\u00a8<\/span><\/p>\n<ol>\n<li><b> Acceder a la p\u00e1gina web<\/b><\/li>\n<\/ol>\n<p><b>\u00a0<\/b><span style=\"font-weight: 400;\">El aviso Legal regula el acceso y uso de los Usuarios a la p\u00e1gina web y tiene por objeto dar a conocer los productos de la entidad y permitir el acceso general de todos los usuarios de Internet.El acceso y\/o uso del Web atribuye a quien lo realiza la condici\u00f3n de Usuario y la aceptaci\u00f3n, sin reservas de ning\u00fan tipo, de todas y cada una de las presentes condiciones generales, as\u00ed como de aquellas otras particulares que, si en su caso, rijan la utilizaci\u00f3n del Portal o de los servicios vinculados al mismo.El usuario debe leer atentamente el Aviso Legal y las Pol\u00edticas de Privacidad y de Cookies cuando se proponga utilizar la p\u00e1gina web, ya que La Empresa se reserva la facultad de realizar, en cualquier momento y sin necesidad de ning\u00fan preaviso, cualquiera modificaci\u00f3n o actualizaci\u00f3n de los contenidos y servicios, de las presentes disposiciones de acceso y uso y, en general, de cuantos elementos integren el dise\u00f1o y configuraci\u00f3n de su web. Si no acepta las condiciones de acceso y uso, le rogamos se abstenga de utilizar la web y su contenido.<\/span><\/p>\n<ol start=\"2\">\n<li><b> Utilizaci\u00f3n de la p\u00e1gina web<\/b><\/li>\n<\/ol>\n<p><span style=\"font-weight: 400;\">El Usuario se compromete a hacer un uso diligente de la p\u00e1gina web, as\u00ed como de la informaci\u00f3n relativa a sus servicios y actividades, con total sujeci\u00f3n tanto a la normativa aplicable, as\u00ed como con la moral y buenas costumbres generalmente aceptadas y la orden p\u00fablico, las condiciones de acceso y uso y cualesquiera otras condiciones establecidas en la p\u00e1gina web.<\/span><\/p>\n<p><span style=\"font-weight: 400;\">Adem\u00e1s, se compromete a abstenerse de utilizar cualquiera de los contenidos con fines o efectos il\u00edcitos, prohibidos en este texto, lesivos de los derechos e intereses de terceros, o que de cualquier modo puedan da\u00f1ar, inutilizar, sobrecargar, deteriorar o impedir la normal utilizaci\u00f3n de los contenidos, otros Usuarios o de cualquier usuario de Internet (hardware y software).<\/span><\/p>\n<ol start=\"3\">\n<li><b> Funcionamiento de la p\u00e1gina web<\/b><\/li>\n<\/ol>\n<p><span style=\"font-weight: 400;\">En caso de incumplimiento de las condiciones del Aviso Legal, o las Pol\u00edticas de Privacidad y Cookies, La Empresa se reserva el derecho a limitar, suspender y\/o excluir el acceso a su p\u00e1gina web, adoptando cualquier medida t\u00e9cnica necesaria al respecto. La empresa har\u00e1 lo posible por mantener la p\u00e1gina web en buen funcionamiento, evitando errores, o bien repar\u00e1ndolos y manteniendo los contenidos actualizados. Ahora bien, La Empresa no garantiza la disponibilidad y continuidad en el acceso a la p\u00e1gina web ni la inexistencia de errores en el contenido.<\/span><\/p>\n<ol start=\"4\">\n<li><b> Responsabilidad<\/b><\/li>\n<\/ol>\n<p><span style=\"font-weight: 400;\">El usuario es el \u00fanico responsable del uso que pueda hacerse de cualquier informaci\u00f3n o mecanismo de la p\u00e1gina web.<\/span><\/p>\n<p><span style=\"font-weight: 400;\">La empresa no se har\u00e1 responsable de ning\u00fan da\u00f1o al hardware y\/o software del usuario que se derive del acceso y uso de la p\u00e1gina web. Asimismo, tampoco se responsabilizar\u00e1 de estos da\u00f1os y\/o perjuicios que se puedan ocasionar por el acceso y\/o uso de la informaci\u00f3n de la p\u00e1gina web, y en concreto de los que puedan producirse en sistemas inform\u00e1ticos o los provocados por virus\/o ataques inform\u00e1ticos, ca\u00eddas, interrupciones ausencia o defecto en las comunicaciones y\/o Internet.<\/span><\/p>\n<p><span style=\"font-weight: 400;\">El Usuario ser\u00e1 responsable de los da\u00f1os y\/o perjuicios que La Empresa pueda sufrir a consecuencia del incumplimiento de cualquiera de las obligaciones a las que queda sometido a trav\u00e9s de este Aviso Legal, la normativa aplicable y Pol\u00edtica de Privacidad y de Cookies .<\/span><\/p>\n<ol start=\"5\">\n<li><b> Pol\u00edtica en materia de \u201cLinks\u201d (Web enlazando y enlazada)<\/b><\/li>\n<\/ol>\n<p><b>Web enlazando<\/b><\/p>\n<p><span style=\"font-weight: 400;\">Los terceros que tengan la intenci\u00f3n de incluir en una p\u00e1gina web un enlace de esta p\u00e1gina tendr\u00e1n que cumplir con la legislaci\u00f3n vigente y no podr\u00e1n alojar contenidos inadecuados, il\u00edcitos, pornogr\u00e1ficos, violentos, etc.<\/span><\/p>\n<p><span style=\"font-weight: 400;\">En ning\u00fan caso La Empresa se hace responsable del contenido de la P\u00e1gina Web, ni promueve, garantiza, supervisa ni recomienda los contenidos de \u00e9sta.<\/span><\/p>\n<p><span style=\"font-weight: 400;\">Si la Web enlazando incumple alguno de los aspectos anteriores, estar\u00e1 obligada a suprimir el enlace de forma inmediata.<\/span><\/p>\n<p><b>Web enlazada<\/b><\/p>\n<p><span style=\"font-weight: 400;\">En esta p\u00e1gina web se pueden incluir v\u00ednculos de p\u00e1ginas web de terceros que permitan acceder al Usuario. Sin embargo, La Empresa no se hace responsable del contenido de estas p\u00e1ginas web enlazadas, sino que ser\u00e1 el usuario el encargado de aceptar y comprobar los accesos cada vez que acceda a ellos.<\/span><\/p>\n<p><span style=\"font-weight: 400;\">Estos enlaces o menciones tienen una finalidad que no implican el apoyo, aprobaci\u00f3n, comercializaci\u00f3n o relaci\u00f3n alguna entre la p\u00e1gina y las personas o entidades titulares de los lugares donde se encuentren.<\/span><\/p>\n<ol start=\"6\">\n<li><b> Propiedad Intelectual e Industrial sobre los contenidos<\/b><\/li>\n<\/ol>\n<p><span style=\"font-weight: 400;\">La Empresa o sus licenciantes son titulares de todos los derechos de propiedad intelectual sobre los contenidos de la p\u00e1gina web, entendiendo como tal todos los dise\u00f1os, bases de datos, programas de ordenadores subyacentes (c\u00f3digo fuente, incluido), as\u00ed como los distintos elementos que integran la p\u00e1gina web (textos, gr\u00e1ficos, fotograf\u00edas, v\u00eddeos, colores, etc.), estructura, orden, etc. Por lo que respecta a las marcas y nombres comerciales (\u201csignos distintivos\u201d) son titularidad de la Empresa o sus licenciantes.<\/span><\/p>\n<p><span style=\"font-weight: 400;\">El uso de la p\u00e1gina web por parte del usuario no supone la cesi\u00f3n de ning\u00fan derecho de propiedad intelectual ni industrial. El usuario tiene totalmente prohibido reproducir, copiar, distribuir, poner a disposici\u00f3n o de cualquier otra forma de comunicar p\u00fablicamente, transformar o modificar los contenidos o los signos distintivos, salvo que se cuente con la autorizaci\u00f3n del titular de los derechos correspondientes o ello resulte legalmente permitido.<\/span><\/p>\n<ol start=\"7\">\n<li><b> Publicidad<\/b><\/li>\n<\/ol>\n<p><span style=\"font-weight: 400;\">En la p\u00e1gina web se podr\u00e1n alojar contenidos publicitarios o patrocinados. Los anunciantes o patrocinadores son los \u00fanicos responsables de asegurarse de que el material remitido para su inclusi\u00f3n en la web cumple con las leyes que en cada caso puedan ser aplicables.<\/span><\/p>\n<p><span style=\"font-weight: 400;\">La empresa no ser\u00e1 responsable de ning\u00fan error, inexactitud o irregularidad que puedan contener los contenidos publicitarios o patrocinadores.<\/span><\/p>\n<ol start=\"8\">\n<li><b> Legislaci\u00f3n aplicable<\/b><\/li>\n<\/ol>\n<p><span style=\"font-weight: 400;\">El Aviso Legal se regir\u00e1 e interpretar\u00e1 de conformidad con la legislaci\u00f3n espa\u00f1ola.<\/span><\/p>\n<p><span style=\"font-weight: 400;\">Para resolver cualquier conflicto que pueda derivarse del acceso al sitio web, se someter\u00e1n a los juzgados o tribunales pertinentes de conformidad con la normativa de consumidores y usuarios.<\/span><\/p>\n<ol start=\"9\">\n<li><b> Contacto<\/b><\/li>\n<\/ol>\n<p><span style=\"font-weight: 400;\">Para cualquier pregunta o comentario sobre este Aviso Legal puede ponerse en contacto con nosotros a trav\u00e9s del correo electr\u00f3nico info@saildandprotect.com<\/span><\/p>\n<p>&nbsp;<\/p>\n","protected":false},"excerpt":{"rendered":"<p>Aviso Legal En cumplimiento de la Ley 34\/2002, de 11 de julio, de Servicios de la Sociedad de la Informaci\u00f3n y de Comercio electr\u00f3nico, se informa al Usuario que el titular de la p\u00e1gina web sailandprotect.com es el MOMISLAND LIFE, S.L. de la denominaci\u00f3n social MOMISLAND LIFE, S.L.,\u00a0 y sus datos de identificaci\u00f3n son los [&hellip;]<\/p>\n","protected":false},"author":1,"featured_media":0,"parent":0,"menu_order":0,"comment_status":"closed","ping_status":"closed","template":"","meta":{"footnotes":""},"class_list":["post-874","page","type-page","status-publish","hentry"],"yoast_head":"<!-- This site is optimized with the Yoast SEO plugin v27.4 - https:\/\/yoast.com\/product\/yoast-seo-wordpress\/ -->\n<title>Mentions l\u00e9gales - Bateaux<\/title>\n<meta name=\"description\" content=\"Mentions L\u00e9gales Conform\u00e9ment \u00e0 la loi 34\/2002 du 11 juillet relative aux services de la soci\u00e9t\u00e9 de l&#039;information et au commerce \u00e9lectronique, l&#039;utilisateur est inform\u00e9 que le propri\u00e9taire du site sailandprotect.com est MOMISLAND LIFE, S.L. du nom de l&#039;entreprise MOMISLAND LIFE, S.L., et ses donn\u00e9es d&#039;identification sont [&hellip;]\" \/>\n<meta name=\"robots\" content=\"index, follow, max-snippet:-1, max-image-preview:large, max-video-preview:-1\" \/>\n<link rel=\"canonical\" href=\"https:\/\/sailandprotect.com\/fr\/mentions-legales\/\" \/>\n<meta property=\"og:locale\" content=\"fr_FR\" \/>\n<meta property=\"og:type\" content=\"article\" \/>\n<meta property=\"og:title\" content=\"Mentions l\u00e9gales - Bateaux\" \/>\n<meta property=\"og:description\" content=\"Mentions L\u00e9gales Conform\u00e9ment \u00e0 la loi 34\/2002 du 11 juillet relative aux services de la soci\u00e9t\u00e9 de l&#039;information et au commerce \u00e9lectronique, l&#039;utilisateur est inform\u00e9 que le propri\u00e9taire du site sailandprotect.com est MOMISLAND LIFE, S.L. du nom de l&#039;entreprise MOMISLAND LIFE, S.L., et ses donn\u00e9es d&#039;identification sont [&hellip;]\" \/>\n<meta property=\"og:url\" content=\"https:\/\/sailandprotect.com\/fr\/mentions-legales\/\" \/>\n<meta property=\"og:site_name\" content=\"Barcos\" \/>\n<meta property=\"article:modified_time\" content=\"2026-04-13T13:20:45+00:00\" \/>\n<meta name=\"twitter:card\" content=\"summary_large_image\" \/>\n<meta name=\"twitter:label1\" content=\"Dur\u00e9e de lecture estim\u00e9e\" \/>\n\t<meta name=\"twitter:data1\" content=\"6 minutes\" \/>\n<script type=\"application\/ld+json\" class=\"yoast-schema-graph\">{\"@context\":\"https:\\\/\\\/schema.org\",\"@graph\":[{\"@type\":\"WebPage\",\"@id\":\"https:\\\/\\\/sailandprotect.com\\\/fr\\\/mentions-legales\\\/\",\"url\":\"https:\\\/\\\/sailandprotect.com\\\/fr\\\/mentions-legales\\\/\",\"name\":\"Mentions l\u00e9gales - Bateaux\",\"isPartOf\":{\"@id\":\"https:\\\/\\\/sailandprotect.com\\\/#website\"},\"datePublished\":\"2026-02-09T10:32:39+00:00\",\"dateModified\":\"2026-04-13T13:20:45+00:00\",\"description\":\"Mentions L\u00e9gales Conform\u00e9ment \u00e0 la loi 34\\\/2002 du 11 juillet relative aux services de la soci\u00e9t\u00e9 de l'information et au commerce \u00e9lectronique, l'utilisateur est inform\u00e9 que le propri\u00e9taire du site sailandprotect.com est MOMISLAND LIFE, S.L. du nom de l'entreprise MOMISLAND LIFE, S.L., et ses donn\u00e9es d'identification sont [&hellip;]\",\"breadcrumb\":{\"@id\":\"https:\\\/\\\/sailandprotect.com\\\/fr\\\/mentions-legales\\\/#breadcrumb\"},\"inLanguage\":\"fr-FR\",\"potentialAction\":[{\"@type\":\"ReadAction\",\"target\":[\"https:\\\/\\\/sailandprotect.com\\\/fr\\\/mentions-legales\\\/\"]}]},{\"@type\":\"BreadcrumbList\",\"@id\":\"https:\\\/\\\/sailandprotect.com\\\/fr\\\/mentions-legales\\\/#breadcrumb\",\"itemListElement\":[{\"@type\":\"ListItem\",\"position\":1,\"name\":\"Portada\",\"item\":\"https:\\\/\\\/sailandprotect.com\\\/fr\\\/accueil\\\/\"},{\"@type\":\"ListItem\",\"position\":2,\"name\":\"Mentions l\u00e9gales\"}]},{\"@type\":\"WebSite\",\"@id\":\"https:\\\/\\\/sailandprotect.com\\\/#website\",\"url\":\"https:\\\/\\\/sailandprotect.com\\\/\",\"name\":\"Barcos\",\"description\":\"\",\"potentialAction\":[{\"@type\":\"SearchAction\",\"target\":{\"@type\":\"EntryPoint\",\"urlTemplate\":\"https:\\\/\\\/sailandprotect.com\\\/?s={search_term_string}\"},\"query-input\":{\"@type\":\"PropertyValueSpecification\",\"valueRequired\":true,\"valueName\":\"search_term_string\"}}],\"inLanguage\":\"fr-FR\"}]}<\/script>\n<!-- \/ Yoast SEO plugin. -->","yoast_head_json":{"title":"Mentions l\u00e9gales - Bateaux","description":"Mentions L\u00e9gales Conform\u00e9ment \u00e0 la loi 34\/2002 du 11 juillet relative aux services de la soci\u00e9t\u00e9 de l'information et au commerce \u00e9lectronique, l'utilisateur est inform\u00e9 que le propri\u00e9taire du site sailandprotect.com est MOMISLAND LIFE, S.L. du nom de l'entreprise MOMISLAND LIFE, S.L., et ses donn\u00e9es d'identification sont [&hellip;]","robots":{"index":"index","follow":"follow","max-snippet":"max-snippet:-1","max-image-preview":"max-image-preview:large","max-video-preview":"max-video-preview:-1"},"canonical":"https:\/\/sailandprotect.com\/fr\/mentions-legales\/","og_locale":"fr_FR","og_type":"article","og_title":"Mentions l\u00e9gales - Bateaux","og_description":"Mentions L\u00e9gales Conform\u00e9ment \u00e0 la loi 34\/2002 du 11 juillet relative aux services de la soci\u00e9t\u00e9 de l'information et au commerce \u00e9lectronique, l'utilisateur est inform\u00e9 que le propri\u00e9taire du site sailandprotect.com est MOMISLAND LIFE, S.L. du nom de l'entreprise MOMISLAND LIFE, S.L., et ses donn\u00e9es d'identification sont [&hellip;]","og_url":"https:\/\/sailandprotect.com\/fr\/mentions-legales\/","og_site_name":"Barcos","article_modified_time":"2026-04-13T13:20:45+00:00","twitter_card":"summary_large_image","twitter_misc":{"Dur\u00e9e de lecture estim\u00e9e":"6 minutes"},"schema":{"@context":"https:\/\/schema.org","@graph":[{"@type":"WebPage","@id":"https:\/\/sailandprotect.com\/fr\/mentions-legales\/","url":"https:\/\/sailandprotect.com\/fr\/mentions-legales\/","name":"Mentions l\u00e9gales - Bateaux","isPartOf":{"@id":"https:\/\/sailandprotect.com\/#website"},"datePublished":"2026-02-09T10:32:39+00:00","dateModified":"2026-04-13T13:20:45+00:00","description":"Mentions L\u00e9gales Conform\u00e9ment \u00e0 la loi 34\/2002 du 11 juillet relative aux services de la soci\u00e9t\u00e9 de l'information et au commerce \u00e9lectronique, l'utilisateur est inform\u00e9 que le propri\u00e9taire du site sailandprotect.com est MOMISLAND LIFE, S.L. du nom de l'entreprise MOMISLAND LIFE, S.L., et ses donn\u00e9es d'identification sont [&hellip;]","breadcrumb":{"@id":"https:\/\/sailandprotect.com\/fr\/mentions-legales\/#breadcrumb"},"inLanguage":"fr-FR","potentialAction":[{"@type":"ReadAction","target":["https:\/\/sailandprotect.com\/fr\/mentions-legales\/"]}]},{"@type":"BreadcrumbList","@id":"https:\/\/sailandprotect.com\/fr\/mentions-legales\/#breadcrumb","itemListElement":[{"@type":"ListItem","position":1,"name":"Portada","item":"https:\/\/sailandprotect.com\/fr\/accueil\/"},{"@type":"ListItem","position":2,"name":"Mentions l\u00e9gales"}]},{"@type":"WebSite","@id":"https:\/\/sailandprotect.com\/#website","url":"https:\/\/sailandprotect.com\/","name":"Barcos","description":"","potentialAction":[{"@type":"SearchAction","target":{"@type":"EntryPoint","urlTemplate":"https:\/\/sailandprotect.com\/?s={search_term_string}"},"query-input":{"@type":"PropertyValueSpecification","valueRequired":true,"valueName":"search_term_string"}}],"inLanguage":"fr-FR"}]}},"_links":{"self":[{"href":"https:\/\/sailandprotect.com\/fr\/wp-json\/wp\/v2\/pages\/874","targetHints":{"allow":["GET"]}}],"collection":[{"href":"https:\/\/sailandprotect.com\/fr\/wp-json\/wp\/v2\/pages"}],"about":[{"href":"https:\/\/sailandprotect.com\/fr\/wp-json\/wp\/v2\/types\/page"}],"author":[{"embeddable":true,"href":"https:\/\/sailandprotect.com\/fr\/wp-json\/wp\/v2\/users\/1"}],"replies":[{"embeddable":true,"href":"https:\/\/sailandprotect.com\/fr\/wp-json\/wp\/v2\/comments?post=874"}],"version-history":[{"count":0,"href":"https:\/\/sailandprotect.com\/fr\/wp-json\/wp\/v2\/pages\/874\/revisions"}],"wp:attachment":[{"href":"https:\/\/sailandprotect.com\/fr\/wp-json\/wp\/v2\/media?parent=874"}],"curies":[{"name":"wp","href":"https:\/\/api.w.org\/{rel}","templated":true}]}}